{"id":191,"date":"2018-10-19T13:11:47","date_gmt":"2018-10-19T11:11:47","guid":{"rendered":"http:\/\/lmc.jem-dev.com\/?page_id=2"},"modified":"2019-03-06T15:30:26","modified_gmt":"2019-03-06T14:30:26","slug":"page-d-exemple-2","status":"publish","type":"page","link":"http:\/\/lmcorriger.fr\/","title":{"rendered":"Accueil"},"content":{"rendered":"<h4 style=\"text-align: center;\"><span style=\"color: #000000; font-family: Times New Roman; font-size: xx-large;\"><img loading=\"lazy\" decoding=\"async\" class=\"alignleft wp-image-12 \" src=\"http:\/\/lmcorriger.fr\/wp-content\/uploads\/2018\/10\/bordure_accueil-1-605x1024.jpg\" alt=\"\" width=\"383\" height=\"648\" srcset=\"http:\/\/lmcorriger.fr\/wp-content\/uploads\/2018\/10\/bordure_accueil-1-605x1024.jpg 605w, http:\/\/lmcorriger.fr\/wp-content\/uploads\/2018\/10\/bordure_accueil-1-177x300.jpg 177w, http:\/\/lmcorriger.fr\/wp-content\/uploads\/2018\/10\/bordure_accueil-1-768x1300.jpg 768w, http:\/\/lmcorriger.fr\/wp-content\/uploads\/2018\/10\/bordure_accueil-1.jpg 1134w\" sizes=\"auto, (max-width: 383px) 85vw, 383px\" \/><\/span><strong>DEpuis LA RELECTURE CORRECTION JUSQU&rsquo;\u00c0 LA R\u00c9\u00c9CRITURE<\/strong><\/h4>\n<p style=\"text-align: center;\">La valeur ajout\u00e9e de vos publications\u00a0!<\/p>\n<p style=\"text-align: center;\">La <strong>relecture<\/strong> et la <strong>correction<\/strong> d\u2019un texte r\u00e9sultent de la ma\u00eetrise de la langue fran\u00e7aise, d\u2019une parfaite connaissance de l&rsquo;<strong>orthographe<\/strong>, de la <strong>grammaire<\/strong>, de la <strong>conjugaison<\/strong>, de la <strong>syntaxe<\/strong> et de bien d\u2019autres <strong>difficult\u00e9s stylistiques&#8230;<\/strong><\/p>\n<p>&nbsp;<\/p>\n<p style=\"text-align: left;\"><span style=\"color: #000080;\"><em>Vous souhaitez avoir des <strong>documents professionnels<\/strong> irr\u00e9prochables ?<\/em><\/span><\/p>\n<p style=\"text-align: left;\"><span style=\"color: #800080;\"><em>Vous voulez faire publier un <strong>ouvrage<\/strong>, une <strong>biographie familiale<\/strong>, un <strong>livre de souvenirs<\/strong> ?<\/em><\/span><\/p>\n<p style=\"text-align: left;\"><span style=\"color: #000080;\"><em>Vous devez pr\u00e9senter votre <strong>m\u00e9moire de fin d\u2019\u00e9tude<\/strong> sans une faute d\u2019orthographe ?<\/em><\/span><\/p>\n<p style=\"text-align: left;\"><span style=\"color: #800080;\"><em>Vous d\u00e9sirez proposer<strong> votre CV<\/strong> sous son meilleur jour ?<\/em><\/span><\/p>\n<p><span style=\"color: #000000;\">QUE VOUS SOYEZ UN <strong>PROFESSIONNEL<\/strong>, UNE <strong>ASSOCIATION <\/strong>OU UN <strong>PARTICULIER,<\/strong><\/span><\/p>\n<p style=\"text-align: center;\"><strong><span style=\"color: #800000;\">LM CORRIGER <\/span><span style=\"color: #000000;\"><a href=\"http:\/\/lmcorriger.fr\/index.php\/fonctionnement\/\">EST \u00c0 VOTRE SERVICE<\/a> !<\/span><\/strong><\/p>\n<h3 style=\"text-align: center;\"><span style=\"border: 2px solid blue;\"><strong> <a href=\"http:\/\/lmcorriger.fr\/index.php\/references\/en-cours-de-relecture\/\">Travaux en cours de relecture\u2026<\/a> <\/strong><\/span><\/h3>\n<p><a title=\"Ma page LinkedIn\" href=\"https:\/\/www.linkedin.com\/in\/lucie-patient-ab34b497\/\"><img loading=\"lazy\" decoding=\"async\" class=\"alignnone size-full wp-image-239\" src=\"http:\/\/lmcorriger.fr\/wp-content\/uploads\/2018\/11\/LinkeIn.png\" alt=\"\" width=\"34\" height=\"34\" \/><\/a><\/p>\n<p>&nbsp;<\/p>\n","protected":false},"excerpt":{"rendered":"<p>DEpuis LA RELECTURE CORRECTION JUSQU&rsquo;\u00c0 LA R\u00c9\u00c9CRITURE La valeur ajout\u00e9e de vos publications\u00a0! La relecture et la correction d\u2019un texte r\u00e9sultent de la ma\u00eetrise de la langue fran\u00e7aise, d\u2019une parfaite connaissance de l&rsquo;orthographe, de la grammaire, de la conjugaison, de la syntaxe et de bien d\u2019autres difficult\u00e9s stylistiques&#8230; &nbsp; Vous souhaitez avoir des documents professionnels &hellip; <a href=\"http:\/\/lmcorriger.fr\/\" class=\"more-link\">Continuer la lecture<span class=\"screen-reader-text\"> de &laquo;&nbsp;Accueil&nbsp;&raquo;<\/span><\/a><\/p>\n","protected":false},"author":1,"featured_media":0,"parent":0,"menu_order":0,"comment_status":"closed","ping_status":"open","template":"","meta":{"footnotes":""},"class_list":["post-191","page","type-page","status-publish","hentry"],"yoast_head":"<!-- This site is optimized with the Yoast SEO plugin v24.9 - https:\/\/yoast.com\/wordpress\/plugins\/seo\/ -->\n<title>Accueil - Bienvenue chez LM Corriger<\/title>\n<meta name=\"description\" content=\"Votre relectrice correctrice conna\u00eet parfaitement les arcanes de la langue fran\u00e7aise avec toutes ses difficult\u00e9s stylistiques...\" \/>\n<meta name=\"robots\" content=\"index, follow, max-snippet:-1, max-image-preview:large, max-video-preview:-1\" \/>\n<link rel=\"canonical\" href=\"http:\/\/lmcorriger.fr\/\" \/>\n<meta property=\"og:locale\" content=\"fr_FR\" \/>\n<meta property=\"og:type\" content=\"article\" \/>\n<meta property=\"og:title\" content=\"Accueil - Bienvenue chez LM Corriger\" \/>\n<meta property=\"og:description\" content=\"Votre relectrice correctrice conna\u00eet parfaitement les arcanes de la langue fran\u00e7aise avec toutes ses difficult\u00e9s stylistiques...\" \/>\n<meta property=\"og:url\" content=\"http:\/\/lmcorriger.fr\/\" \/>\n<meta property=\"og:site_name\" content=\"Bienvenue chez LM Corriger\" \/>\n<meta property=\"article:modified_time\" content=\"2019-03-06T14:30:26+00:00\" \/>\n<meta property=\"og:image\" content=\"http:\/\/lmcorriger.fr\/wp-content\/uploads\/2018\/10\/bordure_accueil-1-605x1024.jpg\" \/>\n<meta name=\"twitter:card\" content=\"summary_large_image\" \/>\n<meta name=\"twitter:label1\" content=\"Dur\u00e9e de lecture estim\u00e9e\" \/>\n\t<meta name=\"twitter:data1\" content=\"1 minute\" \/>\n<script type=\"application\/ld+json\" class=\"yoast-schema-graph\">{\"@context\":\"https:\/\/schema.org\",\"@graph\":[{\"@type\":\"WebPage\",\"@id\":\"http:\/\/lmcorriger.fr\/\",\"url\":\"http:\/\/lmcorriger.fr\/\",\"name\":\"Accueil - Bienvenue chez LM Corriger\",\"isPartOf\":{\"@id\":\"http:\/\/lmcorriger.fr\/#website\"},\"primaryImageOfPage\":{\"@id\":\"http:\/\/lmcorriger.fr\/#primaryimage\"},\"image\":{\"@id\":\"http:\/\/lmcorriger.fr\/#primaryimage\"},\"thumbnailUrl\":\"http:\/\/lmcorriger.fr\/wp-content\/uploads\/2018\/10\/bordure_accueil-1-605x1024.jpg\",\"datePublished\":\"2018-10-19T11:11:47+00:00\",\"dateModified\":\"2019-03-06T14:30:26+00:00\",\"description\":\"Votre relectrice correctrice conna\u00eet parfaitement les arcanes de la langue fran\u00e7aise avec toutes ses difficult\u00e9s stylistiques...\",\"breadcrumb\":{\"@id\":\"http:\/\/lmcorriger.fr\/#breadcrumb\"},\"inLanguage\":\"fr-FR\",\"potentialAction\":[{\"@type\":\"ReadAction\",\"target\":[\"http:\/\/lmcorriger.fr\/\"]}]},{\"@type\":\"ImageObject\",\"inLanguage\":\"fr-FR\",\"@id\":\"http:\/\/lmcorriger.fr\/#primaryimage\",\"url\":\"http:\/\/lmcorriger.fr\/wp-content\/uploads\/2018\/10\/bordure_accueil-1.jpg\",\"contentUrl\":\"http:\/\/lmcorriger.fr\/wp-content\/uploads\/2018\/10\/bordure_accueil-1.jpg\",\"width\":1134,\"height\":1920},{\"@type\":\"BreadcrumbList\",\"@id\":\"http:\/\/lmcorriger.fr\/#breadcrumb\",\"itemListElement\":[{\"@type\":\"ListItem\",\"position\":1,\"name\":\"Accueil\",\"item\":\"http:\/\/lmcorriger.fr\/\"},{\"@type\":\"ListItem\",\"position\":2,\"name\":\"Accueil\"}]},{\"@type\":\"WebSite\",\"@id\":\"http:\/\/lmcorriger.fr\/#website\",\"url\":\"http:\/\/lmcorriger.fr\/\",\"name\":\"Bienvenue chez LM Corriger\",\"description\":\"La relecture au quotidien !\",\"publisher\":{\"@id\":\"http:\/\/lmcorriger.fr\/#organization\"},\"potentialAction\":[{\"@type\":\"SearchAction\",\"target\":{\"@type\":\"EntryPoint\",\"urlTemplate\":\"http:\/\/lmcorriger.fr\/?s={search_term_string}\"},\"query-input\":{\"@type\":\"PropertyValueSpecification\",\"valueRequired\":true,\"valueName\":\"search_term_string\"}}],\"inLanguage\":\"fr-FR\"},{\"@type\":\"Organization\",\"@id\":\"http:\/\/lmcorriger.fr\/#organization\",\"name\":\"LM Corriger\",\"url\":\"http:\/\/lmcorriger.fr\/\",\"logo\":{\"@type\":\"ImageObject\",\"inLanguage\":\"fr-FR\",\"@id\":\"http:\/\/lmcorriger.fr\/#\/schema\/logo\/image\/\",\"url\":\"http:\/\/lmcorriger.fr\/wp-content\/uploads\/2018\/10\/logolettresnoires_carre-e1539956662665-1.jpg\",\"contentUrl\":\"http:\/\/lmcorriger.fr\/wp-content\/uploads\/2018\/10\/logolettresnoires_carre-e1539956662665-1.jpg\",\"width\":100,\"height\":100,\"caption\":\"LM Corriger\"},\"image\":{\"@id\":\"http:\/\/lmcorriger.fr\/#\/schema\/logo\/image\/\"},\"sameAs\":[\"https:\/\/www.linkedin.com\/in\/lucie-patient-ab34b497\/\"]}]}<\/script>\n<!-- \/ Yoast SEO plugin. -->","yoast_head_json":{"title":"Accueil - Bienvenue chez LM Corriger","description":"Votre relectrice correctrice conna\u00eet parfaitement les arcanes de la langue fran\u00e7aise avec toutes ses difficult\u00e9s stylistiques...","robots":{"index":"index","follow":"follow","max-snippet":"max-snippet:-1","max-image-preview":"max-image-preview:large","max-video-preview":"max-video-preview:-1"},"canonical":"http:\/\/lmcorriger.fr\/","og_locale":"fr_FR","og_type":"article","og_title":"Accueil - Bienvenue chez LM Corriger","og_description":"Votre relectrice correctrice conna\u00eet parfaitement les arcanes de la langue fran\u00e7aise avec toutes ses difficult\u00e9s stylistiques...","og_url":"http:\/\/lmcorriger.fr\/","og_site_name":"Bienvenue chez LM Corriger","article_modified_time":"2019-03-06T14:30:26+00:00","og_image":[{"url":"http:\/\/lmcorriger.fr\/wp-content\/uploads\/2018\/10\/bordure_accueil-1-605x1024.jpg","type":"","width":"","height":""}],"twitter_card":"summary_large_image","twitter_misc":{"Dur\u00e9e de lecture estim\u00e9e":"1 minute"},"schema":{"@context":"https:\/\/schema.org","@graph":[{"@type":"WebPage","@id":"http:\/\/lmcorriger.fr\/","url":"http:\/\/lmcorriger.fr\/","name":"Accueil - Bienvenue chez LM Corriger","isPartOf":{"@id":"http:\/\/lmcorriger.fr\/#website"},"primaryImageOfPage":{"@id":"http:\/\/lmcorriger.fr\/#primaryimage"},"image":{"@id":"http:\/\/lmcorriger.fr\/#primaryimage"},"thumbnailUrl":"http:\/\/lmcorriger.fr\/wp-content\/uploads\/2018\/10\/bordure_accueil-1-605x1024.jpg","datePublished":"2018-10-19T11:11:47+00:00","dateModified":"2019-03-06T14:30:26+00:00","description":"Votre relectrice correctrice conna\u00eet parfaitement les arcanes de la langue fran\u00e7aise avec toutes ses difficult\u00e9s stylistiques...","breadcrumb":{"@id":"http:\/\/lmcorriger.fr\/#breadcrumb"},"inLanguage":"fr-FR","potentialAction":[{"@type":"ReadAction","target":["http:\/\/lmcorriger.fr\/"]}]},{"@type":"ImageObject","inLanguage":"fr-FR","@id":"http:\/\/lmcorriger.fr\/#primaryimage","url":"http:\/\/lmcorriger.fr\/wp-content\/uploads\/2018\/10\/bordure_accueil-1.jpg","contentUrl":"http:\/\/lmcorriger.fr\/wp-content\/uploads\/2018\/10\/bordure_accueil-1.jpg","width":1134,"height":1920},{"@type":"BreadcrumbList","@id":"http:\/\/lmcorriger.fr\/#breadcrumb","itemListElement":[{"@type":"ListItem","position":1,"name":"Accueil","item":"http:\/\/lmcorriger.fr\/"},{"@type":"ListItem","position":2,"name":"Accueil"}]},{"@type":"WebSite","@id":"http:\/\/lmcorriger.fr\/#website","url":"http:\/\/lmcorriger.fr\/","name":"Bienvenue chez LM Corriger","description":"La relecture au quotidien !","publisher":{"@id":"http:\/\/lmcorriger.fr\/#organization"},"potentialAction":[{"@type":"SearchAction","target":{"@type":"EntryPoint","urlTemplate":"http:\/\/lmcorriger.fr\/?s={search_term_string}"},"query-input":{"@type":"PropertyValueSpecification","valueRequired":true,"valueName":"search_term_string"}}],"inLanguage":"fr-FR"},{"@type":"Organization","@id":"http:\/\/lmcorriger.fr\/#organization","name":"LM Corriger","url":"http:\/\/lmcorriger.fr\/","logo":{"@type":"ImageObject","inLanguage":"fr-FR","@id":"http:\/\/lmcorriger.fr\/#\/schema\/logo\/image\/","url":"http:\/\/lmcorriger.fr\/wp-content\/uploads\/2018\/10\/logolettresnoires_carre-e1539956662665-1.jpg","contentUrl":"http:\/\/lmcorriger.fr\/wp-content\/uploads\/2018\/10\/logolettresnoires_carre-e1539956662665-1.jpg","width":100,"height":100,"caption":"LM Corriger"},"image":{"@id":"http:\/\/lmcorriger.fr\/#\/schema\/logo\/image\/"},"sameAs":["https:\/\/www.linkedin.com\/in\/lucie-patient-ab34b497\/"]}]}},"_links":{"self":[{"href":"http:\/\/lmcorriger.fr\/index.php\/wp-json\/wp\/v2\/pages\/191","targetHints":{"allow":["GET"]}}],"collection":[{"href":"http:\/\/lmcorriger.fr\/index.php\/wp-json\/wp\/v2\/pages"}],"about":[{"href":"http:\/\/lmcorriger.fr\/index.php\/wp-json\/wp\/v2\/types\/page"}],"author":[{"embeddable":true,"href":"http:\/\/lmcorriger.fr\/index.php\/wp-json\/wp\/v2\/users\/1"}],"replies":[{"embeddable":true,"href":"http:\/\/lmcorriger.fr\/index.php\/wp-json\/wp\/v2\/comments?post=191"}],"version-history":[{"count":20,"href":"http:\/\/lmcorriger.fr\/index.php\/wp-json\/wp\/v2\/pages\/191\/revisions"}],"predecessor-version":[{"id":302,"href":"http:\/\/lmcorriger.fr\/index.php\/wp-json\/wp\/v2\/pages\/191\/revisions\/302"}],"wp:attachment":[{"href":"http:\/\/lmcorriger.fr\/index.php\/wp-json\/wp\/v2\/media?parent=191"}],"curies":[{"name":"wp","href":"https:\/\/api.w.org\/{rel}","templated":true}]}}