{"id":17,"date":"2018-10-19T13:30:22","date_gmt":"2018-10-19T11:30:22","guid":{"rendered":"http:\/\/lmc.jem-dev.com\/?page_id=17"},"modified":"2019-08-27T11:23:11","modified_gmt":"2019-08-27T09:23:11","slug":"fonctionnement","status":"publish","type":"page","link":"https:\/\/lmcorriger.fr\/index.php\/fonctionnement\/","title":{"rendered":"Fonctionnement"},"content":{"rendered":"<h4 style=\"text-align: center;\"><span style=\"color: #990033; font-family: Garamond; font-size: x-large;\"><b><img loading=\"lazy\" decoding=\"async\" class=\"size-large wp-image-13 alignleft\" src=\"http:\/\/lmcorriger.fr\/wp-content\/uploads\/2018\/10\/bordure_pages-1-260x1024.jpg\" alt=\"\" width=\"260\" height=\"1024\" srcset=\"https:\/\/lmcorriger.fr\/wp-content\/uploads\/2018\/10\/bordure_pages-1-260x1024.jpg 260w, https:\/\/lmcorriger.fr\/wp-content\/uploads\/2018\/10\/bordure_pages-1-76x300.jpg 76w, https:\/\/lmcorriger.fr\/wp-content\/uploads\/2018\/10\/bordure_pages-1.jpg 485w\" sizes=\"auto, (max-width: 260px) 85vw, 260px\" \/><\/b><\/span><strong>UN \u0152IL AVIS\u00c9 POUR LA RELECTURE ET LA CORRECTION DE VOS \u00c9CRITS<\/strong><\/h4>\n<p style=\"text-align: center;\">Vous souhaitez une <strong>orthographe<\/strong> parfaite, une <strong>ponctuation<\/strong> au millim\u00e8tre, une <strong>syntaxe<\/strong> irr\u00e9prochable\u2026<\/p>\n<p style=\"text-align: center;\">Depuis le document de travail jusqu\u2019\u00e0 la maquette avant impression, <span style=\"color: #800000;\"><strong>LM Corriger<\/strong> <\/span>se charge de la <strong>relecture<\/strong> et de la <strong>correction<\/strong> de tous vos \u00e9crits.<\/p>\n<p>&nbsp;<\/p>\n<p><span style=\"color: #800000;\"><strong>LM Corriger<\/strong> <\/span>vous propose\u00a0:<\/p>\n<p style=\"text-align: left;\">&#8211; soit un travail sur <strong><span style=\"color: #800000;\">fichier informatique <\/span><\/strong><em>(<strong>Word, Excel, PDF, PowerPoint<\/strong>)<\/em>, transmis par courriel ou d\u00e9pos\u00e9 sur un site de transfert de fichiers pour les documents volumineux ; les <strong>corrections<\/strong> \u00e9tant signal\u00e9es en couleur dans le corps du texte et\/ou dans la marge.<\/p>\n<p>&#8211; soit un travail <strong><span style=\"color: #800000;\">sur papier<\/span><\/strong>, transmis par La Poste ou bien d\u00e9pos\u00e9 directement sur le lieu de travail de <span style=\"color: #800000;\"><strong>LM Corriger<\/strong><\/span>\u00a0; les signes de correction en vigueur \u00e9tant inscrits \u00e0 la main dans les marges.<\/p>\n<p><strong><u>Marche \u00e0 suivre<\/u><\/strong><strong> :<\/strong><\/p>\n<p><span style=\"color: #800000;\"><strong>1)<\/strong><\/span> Vous contactez <span style=\"color: #800000;\"><strong>LM Corriger<\/strong><\/span> (via le <a href=\"http:\/\/lmcorriger.fr\/index.php\/contact\/\">formulaire de contact<\/a> ou par t\u00e9l\u00e9phone) pour d\u00e9tailler le travail que vous souhaitez voir r\u00e9aliser (nature, d\u00e9lai\u2026) en joignant le document concern\u00e9.<\/p>\n<p><span style=\"color: #800000;\"><strong><span style=\"color: #800000;\">2)<\/span> LM Corriger<\/strong><\/span> vous envoie un <strong>devis personnalis\u00e9<\/strong>, gratuit et valable deux mois, dans un d\u00e9lai de 24\u00a0heures.<\/p>\n<p><span style=\"color: #800000;\"><strong>3)<\/strong><\/span> Vous renvoyez le devis comportant la mention \u00ab Bon pour accord \u00bb et votre signature, par courriel ou courrier postal, accompagn\u00e9\u00a0:<\/p>\n<p>&#8211; de la totalit\u00e9 du r\u00e8glement pour un devis inf\u00e9rieur \u00e0 100\u00a0\u20ac (par ch\u00e8que ou par virement)\u00a0;<\/p>\n<p>&#8211; d\u2019un acompte de 50\u00a0% du montant total pour un devis sup\u00e9rieur ou \u00e9gal \u00e0 100\u00a0\u20ac (par ch\u00e8que ou par virement).<\/p>\n<p><span style=\"color: #800000;\"><strong>4) <\/strong><strong>LM Corriger<\/strong><\/span> vous transmet le travail dans les d\u00e9lais, accompagn\u00e9 de la facture.<\/p>\n<p><span style=\"color: #800000;\"><strong>N.B. :<\/strong> <\/span>en cas de travail r\u00e9gulier, un syst\u00e8me de facturation au mois peut \u00eatre mis en place.<\/p>\n<p><a title=\"Ma page LinkedIn\" href=\"https:\/\/www.linkedin.com\/in\/lucie-patient-ab34b497\/\"><img loading=\"lazy\" decoding=\"async\" class=\"alignnone size-full wp-image-239\" src=\"http:\/\/lmcorriger.fr\/wp-content\/uploads\/2018\/11\/LinkeIn.png\" alt=\"\" width=\"34\" height=\"34\" \/><\/a><\/p>\n<p>&nbsp;<\/p>\n","protected":false},"excerpt":{"rendered":"<p>UN \u0152IL AVIS\u00c9 POUR LA RELECTURE ET LA CORRECTION DE VOS \u00c9CRITS Vous souhaitez une orthographe parfaite, une ponctuation au millim\u00e8tre, une syntaxe irr\u00e9prochable\u2026 Depuis le document de travail jusqu\u2019\u00e0 la maquette avant impression, LM Corriger se charge de la relecture et de la correction de tous vos \u00e9crits. &nbsp; LM Corriger vous propose\u00a0: &#8211; &hellip; <a href=\"https:\/\/lmcorriger.fr\/index.php\/fonctionnement\/\" class=\"more-link\">Continuer la lecture<span class=\"screen-reader-text\"> de &laquo;&nbsp;Fonctionnement&nbsp;&raquo;<\/span><\/a><\/p>\n","protected":false},"author":1,"featured_media":0,"parent":0,"menu_order":0,"comment_status":"closed","ping_status":"closed","template":"","meta":{"footnotes":""},"class_list":["post-17","page","type-page","status-publish","hentry"],"yoast_head":"<!-- This site is optimized with the Yoast SEO plugin v24.9 - https:\/\/yoast.com\/wordpress\/plugins\/seo\/ -->\n<title>Fonctionnement - Bienvenue chez LM Corriger<\/title>\n<meta name=\"description\" content=\"Vous souhaitez une orthographe parfaite, une ponctuation au millim\u00e8tre, une syntaxe irr\u00e9prochable ? LM Corriger se charge de la relecture et de la correction de tous vos \u00e9crits.\" \/>\n<meta name=\"robots\" content=\"index, follow, max-snippet:-1, max-image-preview:large, max-video-preview:-1\" \/>\n<link rel=\"canonical\" href=\"http:\/\/lmcorriger.fr\/index.php\/fonctionnement\/\" \/>\n<meta property=\"og:locale\" content=\"fr_FR\" \/>\n<meta property=\"og:type\" content=\"article\" \/>\n<meta property=\"og:title\" content=\"Fonctionnement - Bienvenue chez LM Corriger\" \/>\n<meta property=\"og:description\" content=\"Vous souhaitez une orthographe parfaite, une ponctuation au millim\u00e8tre, une syntaxe irr\u00e9prochable ? LM Corriger se charge de la relecture et de la correction de tous vos \u00e9crits.\" \/>\n<meta property=\"og:url\" content=\"http:\/\/lmcorriger.fr\/index.php\/fonctionnement\/\" \/>\n<meta property=\"og:site_name\" content=\"Bienvenue chez LM Corriger\" \/>\n<meta property=\"article:modified_time\" content=\"2019-08-27T09:23:11+00:00\" \/>\n<meta property=\"og:image\" content=\"http:\/\/lmcorriger.fr\/wp-content\/uploads\/2018\/10\/bordure_pages-1-260x1024.jpg\" \/>\n<meta name=\"twitter:card\" content=\"summary_large_image\" \/>\n<meta name=\"twitter:label1\" content=\"Dur\u00e9e de lecture estim\u00e9e\" \/>\n\t<meta name=\"twitter:data1\" content=\"1 minute\" \/>\n<script type=\"application\/ld+json\" class=\"yoast-schema-graph\">{\"@context\":\"https:\/\/schema.org\",\"@graph\":[{\"@type\":\"WebPage\",\"@id\":\"http:\/\/lmcorriger.fr\/index.php\/fonctionnement\/\",\"url\":\"http:\/\/lmcorriger.fr\/index.php\/fonctionnement\/\",\"name\":\"Fonctionnement - Bienvenue chez LM Corriger\",\"isPartOf\":{\"@id\":\"https:\/\/lmcorriger.fr\/#website\"},\"primaryImageOfPage\":{\"@id\":\"http:\/\/lmcorriger.fr\/index.php\/fonctionnement\/#primaryimage\"},\"image\":{\"@id\":\"http:\/\/lmcorriger.fr\/index.php\/fonctionnement\/#primaryimage\"},\"thumbnailUrl\":\"http:\/\/lmcorriger.fr\/wp-content\/uploads\/2018\/10\/bordure_pages-1-260x1024.jpg\",\"datePublished\":\"2018-10-19T11:30:22+00:00\",\"dateModified\":\"2019-08-27T09:23:11+00:00\",\"description\":\"Vous souhaitez une orthographe parfaite, une ponctuation au millim\u00e8tre, une syntaxe irr\u00e9prochable ? LM Corriger se charge de la relecture et de la correction de tous vos \u00e9crits.\",\"breadcrumb\":{\"@id\":\"http:\/\/lmcorriger.fr\/index.php\/fonctionnement\/#breadcrumb\"},\"inLanguage\":\"fr-FR\",\"potentialAction\":[{\"@type\":\"ReadAction\",\"target\":[\"http:\/\/lmcorriger.fr\/index.php\/fonctionnement\/\"]}]},{\"@type\":\"ImageObject\",\"inLanguage\":\"fr-FR\",\"@id\":\"http:\/\/lmcorriger.fr\/index.php\/fonctionnement\/#primaryimage\",\"url\":\"https:\/\/lmcorriger.fr\/wp-content\/uploads\/2018\/10\/bordure_pages-1.jpg\",\"contentUrl\":\"https:\/\/lmcorriger.fr\/wp-content\/uploads\/2018\/10\/bordure_pages-1.jpg\",\"width\":485,\"height\":1910,\"caption\":\"Relire\"},{\"@type\":\"BreadcrumbList\",\"@id\":\"http:\/\/lmcorriger.fr\/index.php\/fonctionnement\/#breadcrumb\",\"itemListElement\":[{\"@type\":\"ListItem\",\"position\":1,\"name\":\"Accueil\",\"item\":\"http:\/\/lmcorriger.fr\/\"},{\"@type\":\"ListItem\",\"position\":2,\"name\":\"Fonctionnement\"}]},{\"@type\":\"WebSite\",\"@id\":\"https:\/\/lmcorriger.fr\/#website\",\"url\":\"https:\/\/lmcorriger.fr\/\",\"name\":\"Bienvenue chez LM Corriger\",\"description\":\"La relecture au quotidien !\",\"publisher\":{\"@id\":\"https:\/\/lmcorriger.fr\/#organization\"},\"potentialAction\":[{\"@type\":\"SearchAction\",\"target\":{\"@type\":\"EntryPoint\",\"urlTemplate\":\"https:\/\/lmcorriger.fr\/?s={search_term_string}\"},\"query-input\":{\"@type\":\"PropertyValueSpecification\",\"valueRequired\":true,\"valueName\":\"search_term_string\"}}],\"inLanguage\":\"fr-FR\"},{\"@type\":\"Organization\",\"@id\":\"https:\/\/lmcorriger.fr\/#organization\",\"name\":\"LM Corriger\",\"url\":\"https:\/\/lmcorriger.fr\/\",\"logo\":{\"@type\":\"ImageObject\",\"inLanguage\":\"fr-FR\",\"@id\":\"https:\/\/lmcorriger.fr\/#\/schema\/logo\/image\/\",\"url\":\"http:\/\/lmcorriger.fr\/wp-content\/uploads\/2018\/10\/logolettresnoires_carre-e1539956662665-1.jpg\",\"contentUrl\":\"http:\/\/lmcorriger.fr\/wp-content\/uploads\/2018\/10\/logolettresnoires_carre-e1539956662665-1.jpg\",\"width\":100,\"height\":100,\"caption\":\"LM Corriger\"},\"image\":{\"@id\":\"https:\/\/lmcorriger.fr\/#\/schema\/logo\/image\/\"},\"sameAs\":[\"https:\/\/www.linkedin.com\/in\/lucie-patient-ab34b497\/\"]}]}<\/script>\n<!-- \/ Yoast SEO plugin. -->","yoast_head_json":{"title":"Fonctionnement - Bienvenue chez LM Corriger","description":"Vous souhaitez une orthographe parfaite, une ponctuation au millim\u00e8tre, une syntaxe irr\u00e9prochable ? LM Corriger se charge de la relecture et de la correction de tous vos \u00e9crits.","robots":{"index":"index","follow":"follow","max-snippet":"max-snippet:-1","max-image-preview":"max-image-preview:large","max-video-preview":"max-video-preview:-1"},"canonical":"http:\/\/lmcorriger.fr\/index.php\/fonctionnement\/","og_locale":"fr_FR","og_type":"article","og_title":"Fonctionnement - Bienvenue chez LM Corriger","og_description":"Vous souhaitez une orthographe parfaite, une ponctuation au millim\u00e8tre, une syntaxe irr\u00e9prochable ? LM Corriger se charge de la relecture et de la correction de tous vos \u00e9crits.","og_url":"http:\/\/lmcorriger.fr\/index.php\/fonctionnement\/","og_site_name":"Bienvenue chez LM Corriger","article_modified_time":"2019-08-27T09:23:11+00:00","og_image":[{"url":"http:\/\/lmcorriger.fr\/wp-content\/uploads\/2018\/10\/bordure_pages-1-260x1024.jpg","type":"","width":"","height":""}],"twitter_card":"summary_large_image","twitter_misc":{"Dur\u00e9e de lecture estim\u00e9e":"1 minute"},"schema":{"@context":"https:\/\/schema.org","@graph":[{"@type":"WebPage","@id":"http:\/\/lmcorriger.fr\/index.php\/fonctionnement\/","url":"http:\/\/lmcorriger.fr\/index.php\/fonctionnement\/","name":"Fonctionnement - Bienvenue chez LM Corriger","isPartOf":{"@id":"https:\/\/lmcorriger.fr\/#website"},"primaryImageOfPage":{"@id":"http:\/\/lmcorriger.fr\/index.php\/fonctionnement\/#primaryimage"},"image":{"@id":"http:\/\/lmcorriger.fr\/index.php\/fonctionnement\/#primaryimage"},"thumbnailUrl":"http:\/\/lmcorriger.fr\/wp-content\/uploads\/2018\/10\/bordure_pages-1-260x1024.jpg","datePublished":"2018-10-19T11:30:22+00:00","dateModified":"2019-08-27T09:23:11+00:00","description":"Vous souhaitez une orthographe parfaite, une ponctuation au millim\u00e8tre, une syntaxe irr\u00e9prochable ? LM Corriger se charge de la relecture et de la correction de tous vos \u00e9crits.","breadcrumb":{"@id":"http:\/\/lmcorriger.fr\/index.php\/fonctionnement\/#breadcrumb"},"inLanguage":"fr-FR","potentialAction":[{"@type":"ReadAction","target":["http:\/\/lmcorriger.fr\/index.php\/fonctionnement\/"]}]},{"@type":"ImageObject","inLanguage":"fr-FR","@id":"http:\/\/lmcorriger.fr\/index.php\/fonctionnement\/#primaryimage","url":"https:\/\/lmcorriger.fr\/wp-content\/uploads\/2018\/10\/bordure_pages-1.jpg","contentUrl":"https:\/\/lmcorriger.fr\/wp-content\/uploads\/2018\/10\/bordure_pages-1.jpg","width":485,"height":1910,"caption":"Relire"},{"@type":"BreadcrumbList","@id":"http:\/\/lmcorriger.fr\/index.php\/fonctionnement\/#breadcrumb","itemListElement":[{"@type":"ListItem","position":1,"name":"Accueil","item":"http:\/\/lmcorriger.fr\/"},{"@type":"ListItem","position":2,"name":"Fonctionnement"}]},{"@type":"WebSite","@id":"https:\/\/lmcorriger.fr\/#website","url":"https:\/\/lmcorriger.fr\/","name":"Bienvenue chez LM Corriger","description":"La relecture au quotidien !","publisher":{"@id":"https:\/\/lmcorriger.fr\/#organization"},"potentialAction":[{"@type":"SearchAction","target":{"@type":"EntryPoint","urlTemplate":"https:\/\/lmcorriger.fr\/?s={search_term_string}"},"query-input":{"@type":"PropertyValueSpecification","valueRequired":true,"valueName":"search_term_string"}}],"inLanguage":"fr-FR"},{"@type":"Organization","@id":"https:\/\/lmcorriger.fr\/#organization","name":"LM Corriger","url":"https:\/\/lmcorriger.fr\/","logo":{"@type":"ImageObject","inLanguage":"fr-FR","@id":"https:\/\/lmcorriger.fr\/#\/schema\/logo\/image\/","url":"http:\/\/lmcorriger.fr\/wp-content\/uploads\/2018\/10\/logolettresnoires_carre-e1539956662665-1.jpg","contentUrl":"http:\/\/lmcorriger.fr\/wp-content\/uploads\/2018\/10\/logolettresnoires_carre-e1539956662665-1.jpg","width":100,"height":100,"caption":"LM Corriger"},"image":{"@id":"https:\/\/lmcorriger.fr\/#\/schema\/logo\/image\/"},"sameAs":["https:\/\/www.linkedin.com\/in\/lucie-patient-ab34b497\/"]}]}},"_links":{"self":[{"href":"https:\/\/lmcorriger.fr\/index.php\/wp-json\/wp\/v2\/pages\/17","targetHints":{"allow":["GET"]}}],"collection":[{"href":"https:\/\/lmcorriger.fr\/index.php\/wp-json\/wp\/v2\/pages"}],"about":[{"href":"https:\/\/lmcorriger.fr\/index.php\/wp-json\/wp\/v2\/types\/page"}],"author":[{"embeddable":true,"href":"https:\/\/lmcorriger.fr\/index.php\/wp-json\/wp\/v2\/users\/1"}],"replies":[{"embeddable":true,"href":"https:\/\/lmcorriger.fr\/index.php\/wp-json\/wp\/v2\/comments?post=17"}],"version-history":[{"count":3,"href":"https:\/\/lmcorriger.fr\/index.php\/wp-json\/wp\/v2\/pages\/17\/revisions"}],"predecessor-version":[{"id":342,"href":"https:\/\/lmcorriger.fr\/index.php\/wp-json\/wp\/v2\/pages\/17\/revisions\/342"}],"wp:attachment":[{"href":"https:\/\/lmcorriger.fr\/index.php\/wp-json\/wp\/v2\/media?parent=17"}],"curies":[{"name":"wp","href":"https:\/\/api.w.org\/{rel}","templated":true}]}}