{"id":23,"date":"2018-10-19T13:34:30","date_gmt":"2018-10-19T11:34:30","guid":{"rendered":"http:\/\/lmc.jem-dev.com\/?page_id=23"},"modified":"2026-01-05T07:24:37","modified_gmt":"2026-01-05T06:24:37","slug":"tarifs","status":"publish","type":"page","link":"https:\/\/lmcorriger.fr\/index.php\/tarifs\/","title":{"rendered":"Tarifs"},"content":{"rendered":"<h4 style=\"text-align: center;\"><span style=\"color: #990033; font-family: Times New Roman; font-size: x-large;\"><b><u><img loading=\"lazy\" decoding=\"async\" class=\"alignleft size-large wp-image-13\" src=\"http:\/\/lmcorriger.fr\/wp-content\/uploads\/2018\/10\/bordure_pages-1-260x1024.jpg\" alt=\"\" width=\"260\" height=\"1024\" srcset=\"https:\/\/lmcorriger.fr\/wp-content\/uploads\/2018\/10\/bordure_pages-1-260x1024.jpg 260w, https:\/\/lmcorriger.fr\/wp-content\/uploads\/2018\/10\/bordure_pages-1-76x300.jpg 76w, https:\/\/lmcorriger.fr\/wp-content\/uploads\/2018\/10\/bordure_pages-1.jpg 485w\" sizes=\"auto, (max-width: 260px) 85vw, 260px\" \/><\/u><\/b><\/span><strong>LES TARIFS PRATIQU\u00c9S POUR LA RELECTURE ET LA CORRECTION DE VOS DOCUMENTS<\/strong><\/h4>\n<p style=\"text-align: center;\">Les tarifs des prestations de <span style=\"color: #800000;\"><strong>LM Corriger<\/strong><\/span> sont donn\u00e9s ici <strong>\u00e0 titre indicatif<\/strong>, \u00e9tant entendu que chaque demande est personnalis\u00e9e en fonction des exigences du client. <strong>Le tarif d\u00e9finitif est mentionn\u00e9 sur le <a href=\"http:\/\/lmcorriger.fr\/index.php\/contact\/\">devis<\/a><\/strong>, apr\u00e8s avoir \u00e9tudi\u00e9 et d\u00e9termin\u00e9 la prestation souhait\u00e9e (nature, d\u00e9lai\u2026).<\/p>\n<p>&nbsp;<\/p>\n<p><span style=\"color: #800000;\"><strong><u>Tarif \u00e0 l&rsquo;heure<\/u><\/strong><\/span><\/p>\n<p>Le travail est r\u00e9alis\u00e9 en fonction du nombre de caract\u00e8res, sachant qu\u2019une heure correspond \u00e0 une fourchette de 6\u00a0000 \u00e0 9\u00a0000\u00a0caract\u00e8res<span style=\"color: #000080;\">* <\/span><span style=\"color: #000000;\"><em>(soit 4 \u00e0 6\u00a0pages A4 &#8211; \u00e9tant entendu qu\u2019une page \u00e9quivaut en moyenne \u00e0 1\u00a0500 caract\u00e8res).<\/em><\/span><\/p>\n<p><strong>Deux tarifs<\/strong><span style=\"color: #000080;\">**<\/span><strong> sont en vigueur\u00a0:<\/strong><\/p>\n<p>&#8211;\u00a0<strong>20,10 \u20ac nets<\/strong><span style=\"color: #000080;\">***<\/span> <strong>\/ heure\u00a0<\/strong><br \/>\n&#8211;\u00a0<strong>30,00 \u20ac nets<\/strong><span style=\"color: #000080;\">***<\/span><strong> \/ heure<\/strong><strong><span style=\"color: #ff0000;\"><em>\u00a0<\/em><\/span><\/strong><span style=\"color: #000000;\">pour tout<\/span> <span style=\"color: #800000;\"><strong>travail \u00e0 caract\u00e8re urgent<\/strong><\/span> <span style=\"color: #000000;\"><em>(moins de 48 heures<\/em><\/span><span style=\"color: #000080;\">****<\/span><span style=\"color: #000000;\"><em>)<\/em> et pour toute demande exigeant un<\/span><strong><span style=\"color: #800000;\"> travail le <\/span><span style=\"color: #800000;\"><strong>we<\/strong>ek-end ou les jours f\u00e9ri\u00e9s<\/span><\/strong>.<\/p>\n<p><span style=\"color: #000080;\">* <span style=\"color: #000000;\">En effet, tout d\u00e9pend de la complexit\u00e9 du travail demand\u00e9 : relecture classique<\/span> <em>(suppression des coquilles, des erreurs de grammaire, d&rsquo;orthographe, de syntaxe, de ponctuation, sans r\u00e9\u00e9criture\u2026)<\/em><span style=\"color: #000000;\"><em>,<\/em> r\u00e9\u00e9criture partielle, v\u00e9rification des donn\u00e9es, travail sur la mise en page, etc.<\/span><\/span><\/p>\n<p><span style=\"color: #000080;\">** <span style=\"color: #000000;\">Ces tarifs sont actualis\u00e9s \u00e0 chaque \u00e9volution du Smic et\/ou des charges (cotisations Urssaf).<\/span><\/span><\/p>\n<p><span style=\"color: #800000;\"><span style=\"color: #000080;\">*** <\/span><strong>LM Corriger <\/strong><span style=\"color: #000000;\">est en franchise de TVA puisqu&rsquo;il s&rsquo;agit d&rsquo;une microentreprise <em>(article 293 B du CGI).<\/em><\/span><\/span><\/p>\n<p><span style=\"color: #800000;\"><span style=\"color: #000080;\">**** <span style=\"color: #000000;\">Sous r\u00e9serve d\u2019un maximum de 40 000 caract\u00e8res.<\/span><\/span><\/span><\/p>\n<h4 style=\"text-align: center;\"><span style=\"color: #3366ff; font-family: Times New Roman; font-size: x-large;\">10 % de r\u00e9duction pour les \u00e9tudiants !<\/span><\/h4>\n<p>&nbsp;<\/p>\n<p><strong>\u2794<\/strong><strong>\u00a0Documents concern\u00e9s par le tarif horaire : <\/strong><\/p>\n<p><span style=\"color: #000000;\">&#8211;\u00a0Livres<\/span><\/p>\n<p><span style=\"color: #000000;\">&#8211;\u00a0Presse<\/span><\/p>\n<p><span style=\"color: #000000;\">&#8211;\u00a0Rapports<\/span><\/p>\n<p><span style=\"color: #000000;\">&#8211;\u00a0Comptes-rendus<\/span><\/p>\n<p><span style=\"color: #000000;\">&#8211;\u00a0M\u00e9moires de fin d\u2019\u00e9tudes<\/span><\/p>\n<p><span style=\"color: #000000;\">&#8211;\u00a0Agendas<\/span><\/p>\n<p><span style=\"color: #000000;\">&#8211;\u00a0Catalogues<\/span><\/p>\n<p><span style=\"color: #000000;\">&#8211; Sites Internet<\/span><\/p>\n<p><span style=\"color: #000000;\">&#8211;\u00a0\u2026<\/span><\/p>\n<p><span style=\"color: #800000;\"><strong><u>Au forfait<\/u><\/strong><\/span><\/p>\n<p><span style=\"color: #000000;\">&#8211; Encart publicitaire :\u00a0 \u00a0 \u00a012,00 \u20ac l&rsquo;unit\u00e9<\/span><\/p>\n<p><span style=\"color: #000000;\">&#8211; Carte de visite :\u00a0 \u00a0 \u00a0 \u00a0 \u00a0 \u00a0 \u00a0 5,00 \u20ac l&rsquo;unit\u00e9<\/span><\/p>\n<p><span style=\"color: #000000;\">&#8211; Tapis de souris :\u00a0 \u00a0 \u00a0 \u00a0 \u00a0 \u00a0 5,00 \u20ac l&rsquo;unit\u00e9<\/span><\/p>\n<p><span style=\"color: #000000;\">&#8211; Menu de restaurant :\u00a0\u00a012,00 \u20ac le feuillet<\/span><\/p>\n<p><span style=\"color: #000000;\">&#8211;\u00a0<em>Curriculum vitae<\/em> :\u00a0 \u00a0 \u00a0 \u00a0 \u00a0 12,00 \u20ac la page<\/span><\/p>\n<p><span style=\"color: #000000;\">&#8211; Courriers : \u00a0 \u00a0 \u00a0 \u00a0 \u00a0 \u00a0 \u00a0 \u00a0 \u00a0 \u00a0 \u00a0 12,00 \u20ac la page<\/span><\/p>\n<p><span style=\"color: #000000;\">&#8211;\u00a0\u2026<\/span><\/p>\n<p><a title=\"Ma page LinkedIn\" href=\"https:\/\/www.linkedin.com\/in\/lucie-patient-ab34b497\/\"><img loading=\"lazy\" decoding=\"async\" class=\"alignnone size-full wp-image-239\" src=\"http:\/\/lmcorriger.fr\/wp-content\/uploads\/2018\/11\/LinkeIn.png\" alt=\"\" width=\"34\" height=\"34\" \/><\/a><\/p>\n<p>&nbsp;<\/p>\n","protected":false},"excerpt":{"rendered":"<p>LES TARIFS PRATIQU\u00c9S POUR LA RELECTURE ET LA CORRECTION DE VOS DOCUMENTS Les tarifs des prestations de LM Corriger sont donn\u00e9s ici \u00e0 titre indicatif, \u00e9tant entendu que chaque demande est personnalis\u00e9e en fonction des exigences du client. Le tarif d\u00e9finitif est mentionn\u00e9 sur le devis, apr\u00e8s avoir \u00e9tudi\u00e9 et d\u00e9termin\u00e9 la prestation souhait\u00e9e (nature, &hellip; <a href=\"https:\/\/lmcorriger.fr\/index.php\/tarifs\/\" class=\"more-link\">Continuer la lecture<span class=\"screen-reader-text\"> de &laquo;&nbsp;Tarifs&nbsp;&raquo;<\/span><\/a><\/p>\n","protected":false},"author":1,"featured_media":0,"parent":0,"menu_order":0,"comment_status":"closed","ping_status":"closed","template":"","meta":{"footnotes":""},"class_list":["post-23","page","type-page","status-publish","hentry"],"yoast_head":"<!-- This site is optimized with the Yoast SEO plugin v24.9 - https:\/\/yoast.com\/wordpress\/plugins\/seo\/ -->\n<title>Tarifs - Bienvenue chez LM Corriger<\/title>\n<meta name=\"description\" content=\"Les tarifs de LM Corriger sont attractifs. Les \u00e9tudiants b\u00e9n\u00e9ficient d&#039;une r\u00e9duction de 10 % des prix indiqu\u00e9s sur le site.\" \/>\n<meta name=\"robots\" content=\"index, follow, max-snippet:-1, max-image-preview:large, max-video-preview:-1\" \/>\n<link rel=\"canonical\" href=\"http:\/\/lmcorriger.fr\/index.php\/tarifs\/\" \/>\n<meta property=\"og:locale\" content=\"fr_FR\" \/>\n<meta property=\"og:type\" content=\"article\" \/>\n<meta property=\"og:title\" content=\"Tarifs - Bienvenue chez LM Corriger\" \/>\n<meta property=\"og:description\" content=\"Les tarifs de LM Corriger sont attractifs. Les \u00e9tudiants b\u00e9n\u00e9ficient d&#039;une r\u00e9duction de 10 % des prix indiqu\u00e9s sur le site.\" \/>\n<meta property=\"og:url\" content=\"http:\/\/lmcorriger.fr\/index.php\/tarifs\/\" \/>\n<meta property=\"og:site_name\" content=\"Bienvenue chez LM Corriger\" \/>\n<meta property=\"article:modified_time\" content=\"2026-01-05T06:24:37+00:00\" \/>\n<meta property=\"og:image\" content=\"http:\/\/lmcorriger.fr\/wp-content\/uploads\/2018\/10\/bordure_pages-1-260x1024.jpg\" \/>\n<meta name=\"twitter:card\" content=\"summary_large_image\" \/>\n<meta name=\"twitter:label1\" content=\"Dur\u00e9e de lecture estim\u00e9e\" \/>\n\t<meta name=\"twitter:data1\" content=\"2 minutes\" \/>\n<script type=\"application\/ld+json\" class=\"yoast-schema-graph\">{\"@context\":\"https:\/\/schema.org\",\"@graph\":[{\"@type\":\"WebPage\",\"@id\":\"http:\/\/lmcorriger.fr\/index.php\/tarifs\/\",\"url\":\"http:\/\/lmcorriger.fr\/index.php\/tarifs\/\",\"name\":\"Tarifs - Bienvenue chez LM Corriger\",\"isPartOf\":{\"@id\":\"https:\/\/lmcorriger.fr\/#website\"},\"primaryImageOfPage\":{\"@id\":\"http:\/\/lmcorriger.fr\/index.php\/tarifs\/#primaryimage\"},\"image\":{\"@id\":\"http:\/\/lmcorriger.fr\/index.php\/tarifs\/#primaryimage\"},\"thumbnailUrl\":\"http:\/\/lmcorriger.fr\/wp-content\/uploads\/2018\/10\/bordure_pages-1-260x1024.jpg\",\"datePublished\":\"2018-10-19T11:34:30+00:00\",\"dateModified\":\"2026-01-05T06:24:37+00:00\",\"description\":\"Les tarifs de LM Corriger sont attractifs. Les \u00e9tudiants b\u00e9n\u00e9ficient d'une r\u00e9duction de 10 % des prix indiqu\u00e9s sur le site.\",\"breadcrumb\":{\"@id\":\"http:\/\/lmcorriger.fr\/index.php\/tarifs\/#breadcrumb\"},\"inLanguage\":\"fr-FR\",\"potentialAction\":[{\"@type\":\"ReadAction\",\"target\":[\"http:\/\/lmcorriger.fr\/index.php\/tarifs\/\"]}]},{\"@type\":\"ImageObject\",\"inLanguage\":\"fr-FR\",\"@id\":\"http:\/\/lmcorriger.fr\/index.php\/tarifs\/#primaryimage\",\"url\":\"https:\/\/lmcorriger.fr\/wp-content\/uploads\/2018\/10\/bordure_pages-1.jpg\",\"contentUrl\":\"https:\/\/lmcorriger.fr\/wp-content\/uploads\/2018\/10\/bordure_pages-1.jpg\",\"width\":485,\"height\":1910,\"caption\":\"Relire\"},{\"@type\":\"BreadcrumbList\",\"@id\":\"http:\/\/lmcorriger.fr\/index.php\/tarifs\/#breadcrumb\",\"itemListElement\":[{\"@type\":\"ListItem\",\"position\":1,\"name\":\"Accueil\",\"item\":\"https:\/\/lmcorriger.fr\/\"},{\"@type\":\"ListItem\",\"position\":2,\"name\":\"Tarifs\"}]},{\"@type\":\"WebSite\",\"@id\":\"https:\/\/lmcorriger.fr\/#website\",\"url\":\"https:\/\/lmcorriger.fr\/\",\"name\":\"Bienvenue chez LM Corriger\",\"description\":\"La relecture au quotidien !\",\"publisher\":{\"@id\":\"https:\/\/lmcorriger.fr\/#organization\"},\"potentialAction\":[{\"@type\":\"SearchAction\",\"target\":{\"@type\":\"EntryPoint\",\"urlTemplate\":\"https:\/\/lmcorriger.fr\/?s={search_term_string}\"},\"query-input\":{\"@type\":\"PropertyValueSpecification\",\"valueRequired\":true,\"valueName\":\"search_term_string\"}}],\"inLanguage\":\"fr-FR\"},{\"@type\":\"Organization\",\"@id\":\"https:\/\/lmcorriger.fr\/#organization\",\"name\":\"LM Corriger\",\"url\":\"https:\/\/lmcorriger.fr\/\",\"logo\":{\"@type\":\"ImageObject\",\"inLanguage\":\"fr-FR\",\"@id\":\"https:\/\/lmcorriger.fr\/#\/schema\/logo\/image\/\",\"url\":\"http:\/\/lmcorriger.fr\/wp-content\/uploads\/2018\/10\/logolettresnoires_carre-e1539956662665-1.jpg\",\"contentUrl\":\"http:\/\/lmcorriger.fr\/wp-content\/uploads\/2018\/10\/logolettresnoires_carre-e1539956662665-1.jpg\",\"width\":100,\"height\":100,\"caption\":\"LM Corriger\"},\"image\":{\"@id\":\"https:\/\/lmcorriger.fr\/#\/schema\/logo\/image\/\"},\"sameAs\":[\"https:\/\/www.linkedin.com\/in\/lucie-patient-ab34b497\/\"]}]}<\/script>\n<!-- \/ Yoast SEO plugin. -->","yoast_head_json":{"title":"Tarifs - Bienvenue chez LM Corriger","description":"Les tarifs de LM Corriger sont attractifs. Les \u00e9tudiants b\u00e9n\u00e9ficient d'une r\u00e9duction de 10 % des prix indiqu\u00e9s sur le site.","robots":{"index":"index","follow":"follow","max-snippet":"max-snippet:-1","max-image-preview":"max-image-preview:large","max-video-preview":"max-video-preview:-1"},"canonical":"http:\/\/lmcorriger.fr\/index.php\/tarifs\/","og_locale":"fr_FR","og_type":"article","og_title":"Tarifs - Bienvenue chez LM Corriger","og_description":"Les tarifs de LM Corriger sont attractifs. Les \u00e9tudiants b\u00e9n\u00e9ficient d'une r\u00e9duction de 10 % des prix indiqu\u00e9s sur le site.","og_url":"http:\/\/lmcorriger.fr\/index.php\/tarifs\/","og_site_name":"Bienvenue chez LM Corriger","article_modified_time":"2026-01-05T06:24:37+00:00","og_image":[{"url":"http:\/\/lmcorriger.fr\/wp-content\/uploads\/2018\/10\/bordure_pages-1-260x1024.jpg","type":"","width":"","height":""}],"twitter_card":"summary_large_image","twitter_misc":{"Dur\u00e9e de lecture estim\u00e9e":"2 minutes"},"schema":{"@context":"https:\/\/schema.org","@graph":[{"@type":"WebPage","@id":"http:\/\/lmcorriger.fr\/index.php\/tarifs\/","url":"http:\/\/lmcorriger.fr\/index.php\/tarifs\/","name":"Tarifs - Bienvenue chez LM Corriger","isPartOf":{"@id":"https:\/\/lmcorriger.fr\/#website"},"primaryImageOfPage":{"@id":"http:\/\/lmcorriger.fr\/index.php\/tarifs\/#primaryimage"},"image":{"@id":"http:\/\/lmcorriger.fr\/index.php\/tarifs\/#primaryimage"},"thumbnailUrl":"http:\/\/lmcorriger.fr\/wp-content\/uploads\/2018\/10\/bordure_pages-1-260x1024.jpg","datePublished":"2018-10-19T11:34:30+00:00","dateModified":"2026-01-05T06:24:37+00:00","description":"Les tarifs de LM Corriger sont attractifs. Les \u00e9tudiants b\u00e9n\u00e9ficient d'une r\u00e9duction de 10 % des prix indiqu\u00e9s sur le site.","breadcrumb":{"@id":"http:\/\/lmcorriger.fr\/index.php\/tarifs\/#breadcrumb"},"inLanguage":"fr-FR","potentialAction":[{"@type":"ReadAction","target":["http:\/\/lmcorriger.fr\/index.php\/tarifs\/"]}]},{"@type":"ImageObject","inLanguage":"fr-FR","@id":"http:\/\/lmcorriger.fr\/index.php\/tarifs\/#primaryimage","url":"https:\/\/lmcorriger.fr\/wp-content\/uploads\/2018\/10\/bordure_pages-1.jpg","contentUrl":"https:\/\/lmcorriger.fr\/wp-content\/uploads\/2018\/10\/bordure_pages-1.jpg","width":485,"height":1910,"caption":"Relire"},{"@type":"BreadcrumbList","@id":"http:\/\/lmcorriger.fr\/index.php\/tarifs\/#breadcrumb","itemListElement":[{"@type":"ListItem","position":1,"name":"Accueil","item":"https:\/\/lmcorriger.fr\/"},{"@type":"ListItem","position":2,"name":"Tarifs"}]},{"@type":"WebSite","@id":"https:\/\/lmcorriger.fr\/#website","url":"https:\/\/lmcorriger.fr\/","name":"Bienvenue chez LM Corriger","description":"La relecture au quotidien !","publisher":{"@id":"https:\/\/lmcorriger.fr\/#organization"},"potentialAction":[{"@type":"SearchAction","target":{"@type":"EntryPoint","urlTemplate":"https:\/\/lmcorriger.fr\/?s={search_term_string}"},"query-input":{"@type":"PropertyValueSpecification","valueRequired":true,"valueName":"search_term_string"}}],"inLanguage":"fr-FR"},{"@type":"Organization","@id":"https:\/\/lmcorriger.fr\/#organization","name":"LM Corriger","url":"https:\/\/lmcorriger.fr\/","logo":{"@type":"ImageObject","inLanguage":"fr-FR","@id":"https:\/\/lmcorriger.fr\/#\/schema\/logo\/image\/","url":"http:\/\/lmcorriger.fr\/wp-content\/uploads\/2018\/10\/logolettresnoires_carre-e1539956662665-1.jpg","contentUrl":"http:\/\/lmcorriger.fr\/wp-content\/uploads\/2018\/10\/logolettresnoires_carre-e1539956662665-1.jpg","width":100,"height":100,"caption":"LM Corriger"},"image":{"@id":"https:\/\/lmcorriger.fr\/#\/schema\/logo\/image\/"},"sameAs":["https:\/\/www.linkedin.com\/in\/lucie-patient-ab34b497\/"]}]}},"_links":{"self":[{"href":"https:\/\/lmcorriger.fr\/index.php\/wp-json\/wp\/v2\/pages\/23","targetHints":{"allow":["GET"]}}],"collection":[{"href":"https:\/\/lmcorriger.fr\/index.php\/wp-json\/wp\/v2\/pages"}],"about":[{"href":"https:\/\/lmcorriger.fr\/index.php\/wp-json\/wp\/v2\/types\/page"}],"author":[{"embeddable":true,"href":"https:\/\/lmcorriger.fr\/index.php\/wp-json\/wp\/v2\/users\/1"}],"replies":[{"embeddable":true,"href":"https:\/\/lmcorriger.fr\/index.php\/wp-json\/wp\/v2\/comments?post=23"}],"version-history":[{"count":24,"href":"https:\/\/lmcorriger.fr\/index.php\/wp-json\/wp\/v2\/pages\/23\/revisions"}],"predecessor-version":[{"id":541,"href":"https:\/\/lmcorriger.fr\/index.php\/wp-json\/wp\/v2\/pages\/23\/revisions\/541"}],"wp:attachment":[{"href":"https:\/\/lmcorriger.fr\/index.php\/wp-json\/wp\/v2\/media?parent=23"}],"curies":[{"name":"wp","href":"https:\/\/api.w.org\/{rel}","templated":true}]}}