{"id":32,"date":"2018-10-19T13:47:53","date_gmt":"2018-10-19T11:47:53","guid":{"rendered":"http:\/\/lmc.jem-dev.com\/?page_id=32"},"modified":"2018-11-16T11:03:39","modified_gmt":"2018-11-16T10:03:39","slug":"polconf","status":"publish","type":"page","link":"https:\/\/lmcorriger.fr\/index.php\/polconf\/","title":{"rendered":"Politique d\u2019utilisation des cookies"},"content":{"rendered":"<header class=\"entry-header\"><\/header>\n<div class=\"entry-content mh-clearfix\">\n<p>Nous utilisons des cookies dans le but de faciliter la navigation et d\u2019assurer un meilleur service.<\/p>\n<h2>Qu\u2019est-ce qu\u2019un cookie ?<\/h2>\n<p>Les cookies sont des fichiers t\u00e9l\u00e9charg\u00e9s dans le dispositif de l\u2019utilisateur lorsque celui-ci acc\u00e8de \u00e0 certains sites internet ; ici, ils sont t\u00e9l\u00e9charg\u00e9s par le gestionnaire du Blog \u00ab lmc.jem-dev.com \u00bb et servent \u00e0 fournir le service express\u00e9ment demand\u00e9 par l\u2019utilisateur, \u00e0 stocker et r\u00e9cup\u00e9rer l\u2019information concernant la navigation effectu\u00e9e sur ce dispositif ; ces cookies pourront \u00eatre mis \u00e0 jour et r\u00e9cup\u00e9r\u00e9s. Normalement, les cookies contiennent le nom du site Internet qui les a d\u00e9pos\u00e9s, la dur\u00e9e pendant laquelle ils resteront actifs dans le dispositif ou l\u2019\u00e9quipement terminal et leur num\u00e9ro d\u2019identification unique.<\/p>\n<p>Les cookies permettent de reconna\u00eetre le dispositif de l\u2019utilisateur et de conserver ses pr\u00e9f\u00e9rences au travers de son historique de visites sur le site internet. Les cookies permettent \u00e0 l\u2019utilisateur de naviguer sur le site Internet et d\u2019am\u00e9liorer l\u2019utilisation de celui-ci. Certains sont indispensables pour pouvoir utiliser toutes les fonctions du service offert par le site internet visit\u00e9.<\/p>\n<p>Les cookies s\u2019effacent automatiquement lors de la fermeture d\u2019un navigateur ; cependant, l\u2019information recueillie par eux est maintenue dans le dispositif de l\u2019utilisateur m\u00eame lorsque celui-ci est \u00e9teint (cela sert notamment \u00e0 rappeler les configurations du service r\u00e9alis\u00e9es par l\u2019utilisateur lors de sa prochaine visite du site internet).<\/p>\n<p><a href=\"http:\/\/lmcorriger.fr\/\"><strong>Accueil<\/strong><\/a><\/p>\n<\/div>\n","protected":false},"excerpt":{"rendered":"<p>Nous utilisons des cookies dans le but de faciliter la navigation et d\u2019assurer un meilleur service. Qu\u2019est-ce qu\u2019un cookie ? Les cookies sont des fichiers t\u00e9l\u00e9charg\u00e9s dans le dispositif de l\u2019utilisateur lorsque celui-ci acc\u00e8de \u00e0 certains sites internet ; ici, ils sont t\u00e9l\u00e9charg\u00e9s par le gestionnaire du Blog \u00ab lmc.jem-dev.com \u00bb et servent \u00e0 fournir &hellip; <a href=\"https:\/\/lmcorriger.fr\/index.php\/polconf\/\" class=\"more-link\">Continuer la lecture<span class=\"screen-reader-text\"> de &laquo;&nbsp;Politique d\u2019utilisation des cookies&nbsp;&raquo;<\/span><\/a><\/p>\n","protected":false},"author":1,"featured_media":0,"parent":0,"menu_order":0,"comment_status":"closed","ping_status":"closed","template":"","meta":{"footnotes":""},"class_list":["post-32","page","type-page","status-publish","hentry"],"yoast_head":"<!-- This site is optimized with the Yoast SEO plugin v24.9 - https:\/\/yoast.com\/wordpress\/plugins\/seo\/ -->\n<title>Politique d\u2019utilisation des cookies - Bienvenue chez LM Corriger<\/title>\n<meta name=\"robots\" content=\"index, follow, max-snippet:-1, max-image-preview:large, max-video-preview:-1\" \/>\n<link rel=\"canonical\" href=\"http:\/\/lmcorriger.fr\/index.php\/polconf\/\" \/>\n<meta property=\"og:locale\" content=\"fr_FR\" \/>\n<meta property=\"og:type\" content=\"article\" \/>\n<meta property=\"og:title\" content=\"Politique d\u2019utilisation des cookies - Bienvenue chez LM Corriger\" \/>\n<meta property=\"og:description\" content=\"Nous utilisons des cookies dans le but de faciliter la navigation et d\u2019assurer un meilleur service. Qu\u2019est-ce qu\u2019un cookie ? Les cookies sont des fichiers t\u00e9l\u00e9charg\u00e9s dans le dispositif de l\u2019utilisateur lorsque celui-ci acc\u00e8de \u00e0 certains sites internet ; ici, ils sont t\u00e9l\u00e9charg\u00e9s par le gestionnaire du Blog \u00ab lmc.jem-dev.com \u00bb et servent \u00e0 fournir &hellip; Continuer la lecture de &laquo;&nbsp;Politique d\u2019utilisation des cookies&nbsp;&raquo;\" \/>\n<meta property=\"og:url\" content=\"http:\/\/lmcorriger.fr\/index.php\/polconf\/\" \/>\n<meta property=\"og:site_name\" content=\"Bienvenue chez LM Corriger\" \/>\n<meta property=\"article:modified_time\" content=\"2018-11-16T10:03:39+00:00\" \/>\n<meta name=\"twitter:card\" content=\"summary_large_image\" \/>\n<meta name=\"twitter:label1\" content=\"Dur\u00e9e de lecture estim\u00e9e\" \/>\n\t<meta name=\"twitter:data1\" content=\"1 minute\" \/>\n<script type=\"application\/ld+json\" class=\"yoast-schema-graph\">{\"@context\":\"https:\/\/schema.org\",\"@graph\":[{\"@type\":\"WebPage\",\"@id\":\"http:\/\/lmcorriger.fr\/index.php\/polconf\/\",\"url\":\"http:\/\/lmcorriger.fr\/index.php\/polconf\/\",\"name\":\"Politique d\u2019utilisation des cookies - Bienvenue chez LM Corriger\",\"isPartOf\":{\"@id\":\"https:\/\/lmcorriger.fr\/#website\"},\"datePublished\":\"2018-10-19T11:47:53+00:00\",\"dateModified\":\"2018-11-16T10:03:39+00:00\",\"breadcrumb\":{\"@id\":\"http:\/\/lmcorriger.fr\/index.php\/polconf\/#breadcrumb\"},\"inLanguage\":\"fr-FR\",\"potentialAction\":[{\"@type\":\"ReadAction\",\"target\":[\"http:\/\/lmcorriger.fr\/index.php\/polconf\/\"]}]},{\"@type\":\"BreadcrumbList\",\"@id\":\"http:\/\/lmcorriger.fr\/index.php\/polconf\/#breadcrumb\",\"itemListElement\":[{\"@type\":\"ListItem\",\"position\":1,\"name\":\"Accueil\",\"item\":\"https:\/\/lmcorriger.fr\/\"},{\"@type\":\"ListItem\",\"position\":2,\"name\":\"Politique d\u2019utilisation des cookies\"}]},{\"@type\":\"WebSite\",\"@id\":\"https:\/\/lmcorriger.fr\/#website\",\"url\":\"https:\/\/lmcorriger.fr\/\",\"name\":\"Bienvenue chez LM Corriger\",\"description\":\"La relecture au quotidien !\",\"publisher\":{\"@id\":\"https:\/\/lmcorriger.fr\/#organization\"},\"potentialAction\":[{\"@type\":\"SearchAction\",\"target\":{\"@type\":\"EntryPoint\",\"urlTemplate\":\"https:\/\/lmcorriger.fr\/?s={search_term_string}\"},\"query-input\":{\"@type\":\"PropertyValueSpecification\",\"valueRequired\":true,\"valueName\":\"search_term_string\"}}],\"inLanguage\":\"fr-FR\"},{\"@type\":\"Organization\",\"@id\":\"https:\/\/lmcorriger.fr\/#organization\",\"name\":\"LM Corriger\",\"url\":\"https:\/\/lmcorriger.fr\/\",\"logo\":{\"@type\":\"ImageObject\",\"inLanguage\":\"fr-FR\",\"@id\":\"https:\/\/lmcorriger.fr\/#\/schema\/logo\/image\/\",\"url\":\"http:\/\/lmcorriger.fr\/wp-content\/uploads\/2018\/10\/logolettresnoires_carre-e1539956662665-1.jpg\",\"contentUrl\":\"http:\/\/lmcorriger.fr\/wp-content\/uploads\/2018\/10\/logolettresnoires_carre-e1539956662665-1.jpg\",\"width\":100,\"height\":100,\"caption\":\"LM Corriger\"},\"image\":{\"@id\":\"https:\/\/lmcorriger.fr\/#\/schema\/logo\/image\/\"},\"sameAs\":[\"https:\/\/www.linkedin.com\/in\/lucie-patient-ab34b497\/\"]}]}<\/script>\n<!-- \/ Yoast SEO plugin. -->","yoast_head_json":{"title":"Politique d\u2019utilisation des cookies - Bienvenue chez LM Corriger","robots":{"index":"index","follow":"follow","max-snippet":"max-snippet:-1","max-image-preview":"max-image-preview:large","max-video-preview":"max-video-preview:-1"},"canonical":"http:\/\/lmcorriger.fr\/index.php\/polconf\/","og_locale":"fr_FR","og_type":"article","og_title":"Politique d\u2019utilisation des cookies - Bienvenue chez LM Corriger","og_description":"Nous utilisons des cookies dans le but de faciliter la navigation et d\u2019assurer un meilleur service. Qu\u2019est-ce qu\u2019un cookie ? Les cookies sont des fichiers t\u00e9l\u00e9charg\u00e9s dans le dispositif de l\u2019utilisateur lorsque celui-ci acc\u00e8de \u00e0 certains sites internet ; ici, ils sont t\u00e9l\u00e9charg\u00e9s par le gestionnaire du Blog \u00ab lmc.jem-dev.com \u00bb et servent \u00e0 fournir &hellip; Continuer la lecture de &laquo;&nbsp;Politique d\u2019utilisation des cookies&nbsp;&raquo;","og_url":"http:\/\/lmcorriger.fr\/index.php\/polconf\/","og_site_name":"Bienvenue chez LM Corriger","article_modified_time":"2018-11-16T10:03:39+00:00","twitter_card":"summary_large_image","twitter_misc":{"Dur\u00e9e de lecture estim\u00e9e":"1 minute"},"schema":{"@context":"https:\/\/schema.org","@graph":[{"@type":"WebPage","@id":"http:\/\/lmcorriger.fr\/index.php\/polconf\/","url":"http:\/\/lmcorriger.fr\/index.php\/polconf\/","name":"Politique d\u2019utilisation des cookies - Bienvenue chez LM Corriger","isPartOf":{"@id":"https:\/\/lmcorriger.fr\/#website"},"datePublished":"2018-10-19T11:47:53+00:00","dateModified":"2018-11-16T10:03:39+00:00","breadcrumb":{"@id":"http:\/\/lmcorriger.fr\/index.php\/polconf\/#breadcrumb"},"inLanguage":"fr-FR","potentialAction":[{"@type":"ReadAction","target":["http:\/\/lmcorriger.fr\/index.php\/polconf\/"]}]},{"@type":"BreadcrumbList","@id":"http:\/\/lmcorriger.fr\/index.php\/polconf\/#breadcrumb","itemListElement":[{"@type":"ListItem","position":1,"name":"Accueil","item":"https:\/\/lmcorriger.fr\/"},{"@type":"ListItem","position":2,"name":"Politique d\u2019utilisation des cookies"}]},{"@type":"WebSite","@id":"https:\/\/lmcorriger.fr\/#website","url":"https:\/\/lmcorriger.fr\/","name":"Bienvenue chez LM Corriger","description":"La relecture au quotidien !","publisher":{"@id":"https:\/\/lmcorriger.fr\/#organization"},"potentialAction":[{"@type":"SearchAction","target":{"@type":"EntryPoint","urlTemplate":"https:\/\/lmcorriger.fr\/?s={search_term_string}"},"query-input":{"@type":"PropertyValueSpecification","valueRequired":true,"valueName":"search_term_string"}}],"inLanguage":"fr-FR"},{"@type":"Organization","@id":"https:\/\/lmcorriger.fr\/#organization","name":"LM Corriger","url":"https:\/\/lmcorriger.fr\/","logo":{"@type":"ImageObject","inLanguage":"fr-FR","@id":"https:\/\/lmcorriger.fr\/#\/schema\/logo\/image\/","url":"http:\/\/lmcorriger.fr\/wp-content\/uploads\/2018\/10\/logolettresnoires_carre-e1539956662665-1.jpg","contentUrl":"http:\/\/lmcorriger.fr\/wp-content\/uploads\/2018\/10\/logolettresnoires_carre-e1539956662665-1.jpg","width":100,"height":100,"caption":"LM Corriger"},"image":{"@id":"https:\/\/lmcorriger.fr\/#\/schema\/logo\/image\/"},"sameAs":["https:\/\/www.linkedin.com\/in\/lucie-patient-ab34b497\/"]}]}},"_links":{"self":[{"href":"https:\/\/lmcorriger.fr\/index.php\/wp-json\/wp\/v2\/pages\/32","targetHints":{"allow":["GET"]}}],"collection":[{"href":"https:\/\/lmcorriger.fr\/index.php\/wp-json\/wp\/v2\/pages"}],"about":[{"href":"https:\/\/lmcorriger.fr\/index.php\/wp-json\/wp\/v2\/types\/page"}],"author":[{"embeddable":true,"href":"https:\/\/lmcorriger.fr\/index.php\/wp-json\/wp\/v2\/users\/1"}],"replies":[{"embeddable":true,"href":"https:\/\/lmcorriger.fr\/index.php\/wp-json\/wp\/v2\/comments?post=32"}],"version-history":[{"count":2,"href":"https:\/\/lmcorriger.fr\/index.php\/wp-json\/wp\/v2\/pages\/32\/revisions"}],"predecessor-version":[{"id":249,"href":"https:\/\/lmcorriger.fr\/index.php\/wp-json\/wp\/v2\/pages\/32\/revisions\/249"}],"wp:attachment":[{"href":"https:\/\/lmcorriger.fr\/index.php\/wp-json\/wp\/v2\/media?parent=32"}],"curies":[{"name":"wp","href":"https:\/\/api.w.org\/{rel}","templated":true}]}}