{"id":36,"date":"2018-10-19T13:53:44","date_gmt":"2018-10-19T11:53:44","guid":{"rendered":"http:\/\/lmc.jem-dev.com\/?page_id=36"},"modified":"2025-03-27T07:40:22","modified_gmt":"2025-03-27T06:40:22","slug":"contact","status":"publish","type":"page","link":"https:\/\/lmcorriger.fr\/index.php\/contact\/","title":{"rendered":"Contact"},"content":{"rendered":"<h4 style=\"text-align: center;\"><img loading=\"lazy\" decoding=\"async\" class=\"alignleft size-full wp-image-189\" src=\"http:\/\/lmcorriger.fr\/wp-content\/uploads\/2018\/11\/Relecture-1-1.jpg\" alt=\"\" width=\"284\" height=\"480\" srcset=\"https:\/\/lmcorriger.fr\/wp-content\/uploads\/2018\/11\/Relecture-1-1.jpg 284w, https:\/\/lmcorriger.fr\/wp-content\/uploads\/2018\/11\/Relecture-1-1-178x300.jpg 178w\" sizes=\"auto, (max-width: 284px) 85vw, 284px\" \/><strong>VOUS RECHERCHEZ UN PROFESSIONNEL POUR VOS TRAVAUX DE RELECTURE ET DE CORRECTION ?<\/strong><\/h4>\n<p style=\"text-align: center;\"><span style=\"color: #000000;\">Demandez un devis\u00a0:\u00a0<span style=\"color: #800000;\"><strong>LM Corriger <\/strong><\/span>s\u2019engage \u00e0 vous le fournir gratuitement sous 24\u00a0heures <em>(jours ouvrables) <\/em>!<\/span><\/p>\n<p>&nbsp;<\/p>\n<p><span style=\"color: #000000;\">Vous pouvez contacter <span style=\"color: #800000;\"><strong>LM Corriger <\/strong><\/span> par les moyens suivants\u00a0:<\/span><\/p>\n<p style=\"padding-left: 90px;\"><span style=\"color: #800000;\"><strong>\u2192<\/strong><\/span>\u00a0<span style=\"color: #000000;\"><strong>Formulaire de contact<\/strong> ci-dessous.<\/span><\/p>\n<p style=\"padding-left: 90px;\"><span style=\"color: #800000;\"><strong>\u2192<\/strong><\/span><span style=\"color: #000000;\">\u00a0<strong>Courrier postal<\/strong>\u00a0: <\/span><span style=\"color: #000000;\">Mme Lucie Patient \/ LM Corriger \/ 20, rue des Montagnes \/ 89130 Toucy.<\/span><\/p>\n<p style=\"padding-left: 90px;\"><span style=\"color: #800000;\"><strong>\u2192<\/strong><\/span><span style=\"color: #000000;\">\u00a0<strong>T\u00e9l\u00e9phone <\/strong>:\u00a006 48<\/span> 05 18 42.<\/p>\n<p>&nbsp;<\/p>\n<p><span style=\"color: #000000;\"><strong>Dans la mesure du possible, et afin d\u2019\u00e9tablir un devis d\u00e9taill\u00e9, merci de pr\u00e9ciser :<\/strong><\/span><\/p>\n<p><span style=\"color: #800000;\"><strong>\u2192<\/strong>\u00a0<\/span><strong><span style=\"color: #000000;\">Vos coordonn\u00e9es\u00a0<\/span><\/strong><span style=\"color: #000000;\"><em>(nom, pr\u00e9nom, soci\u00e9t\u00e9, adresse postale, n\u00b0 de t\u00e9l\u00e9phone fixe, n\u00b0 de poste, n\u00b0 de t\u00e9l\u00e9phone portable, courriel).<\/em><\/span><\/p>\n<p><span style=\"color: #800000;\"><strong>\u2192<\/strong><\/span><span style=\"color: #000000;\"><span style=\"color: #800000;\">\u00a0<\/span><strong>La nature de votre demande\u00a0<\/strong><em>(relecture et correction classique, avec r\u00e9\u00e9criture, avec mise en page, etc.).<\/em><\/span><\/p>\n<p><span style=\"color: #800000;\"><strong>\u2192<\/strong>\u00a0<\/span><strong><span style=\"color: #000000;\">Le support<\/span><\/strong> sur lequel vous souhaitez que <span style=\"color: #800000;\"><strong>LM Corriger <\/strong><\/span>travaille\u00a0<em>(informatique ou papier).<\/em><\/p>\n<p><span style=\"color: #800000;\"><strong>\u2192<\/strong>\u00a0<\/span><span style=\"color: #000000;\"><strong>Le d\u00e9lai souhait\u00e9.<\/strong><\/span><\/p>\n<p>&nbsp;<\/p>\n<p><strong>Cliquez <a href=\"http:\/\/lmcorriger.fr\/index.php\/fonctionnement\/\">ici<\/a><\/strong> pour avoir de plus amples informations sur mon <strong>mode de fonctionnement<\/strong>.<\/p>\n<h3><strong>Formulaire de contact<\/strong><\/h3>\n<div role=\"form\" class=\"wpcf7\" id=\"wpcf7-f202-o1\" lang=\"fr-FR\" dir=\"ltr\">\n<div class=\"screen-reader-response\"><p role=\"status\" aria-live=\"polite\" aria-atomic=\"true\"><\/p> <ul><\/ul><\/div>\n<form action=\"\/index.php\/wp-json\/wp\/v2\/pages\/36#wpcf7-f202-o1\" method=\"post\" class=\"wpcf7-form init\" enctype=\"multipart\/form-data\" novalidate=\"novalidate\" data-status=\"init\">\n<div style=\"display: none;\">\n<input type=\"hidden\" name=\"_wpcf7\" value=\"202\" \/>\n<input type=\"hidden\" name=\"_wpcf7_version\" value=\"5.4.2\" \/>\n<input type=\"hidden\" name=\"_wpcf7_locale\" value=\"fr_FR\" \/>\n<input type=\"hidden\" name=\"_wpcf7_unit_tag\" value=\"wpcf7-f202-o1\" \/>\n<input type=\"hidden\" name=\"_wpcf7_container_post\" value=\"0\" \/>\n<input type=\"hidden\" name=\"_wpcf7_posted_data_hash\" value=\"\" \/>\n<\/div>\n<p><label> Votre nom (obligatoire)<br \/>\n    <span class=\"wpcf7-form-control-wrap your-name\"><input type=\"text\" name=\"your-name\" value=\"\" size=\"40\" class=\"wpcf7-form-control wpcf7-text wpcf7-validates-as-required\" aria-required=\"true\" aria-invalid=\"false\" \/><\/span> <\/label><\/p>\n<p><label> Votre adresse de messagerie (obligatoire)<br \/>\n    <span class=\"wpcf7-form-control-wrap your-email\"><input type=\"email\" name=\"your-email\" value=\"\" size=\"40\" class=\"wpcf7-form-control wpcf7-text wpcf7-email wpcf7-validates-as-required wpcf7-validates-as-email\" aria-required=\"true\" aria-invalid=\"false\" \/><\/span> <\/label><\/p>\n<p><label> Objet<br \/>\n    <span class=\"wpcf7-form-control-wrap your-subject\"><input type=\"text\" name=\"your-subject\" value=\"\" size=\"40\" class=\"wpcf7-form-control wpcf7-text wpcf7-validates-as-required\" aria-required=\"true\" aria-invalid=\"false\" \/><\/span> <\/label><\/p>\n<p><label> Votre message<br \/>\n    <span class=\"wpcf7-form-control-wrap your-message\"><textarea name=\"your-message\" cols=\"40\" rows=\"10\" class=\"wpcf7-form-control wpcf7-textarea wpcf7-validates-as-required\" aria-required=\"true\" aria-invalid=\"false\"><\/textarea><\/span> <\/label><\/p>\n<p><label> Merci de joindre votre (vos) document(s) pour l'\u00e9tablissement du devis<br \/>\n    <span class=\"wpcf7-form-control-wrap file-363\"><input type=\"file\" name=\"file-363\" size=\"40\" class=\"wpcf7-form-control wpcf7-file\" id=\"document_eval\" accept=\".doc,.docx,.pdf,.odt,.txt,.rtf,.xls,.xlsx,.ppt\" aria-invalid=\"false\" \/><\/span><\/label><\/p>\n<p><input type=\"submit\" value=\"Envoyer\" class=\"wpcf7-form-control wpcf7-submit\" \/><\/p>\n<p style=\"display: none !important;\" class=\"akismet-fields-container\" data-prefix=\"_wpcf7_ak_\"><label>&#916;<textarea name=\"_wpcf7_ak_hp_textarea\" cols=\"45\" rows=\"8\" maxlength=\"100\"><\/textarea><\/label><input type=\"hidden\" id=\"ak_js_1\" name=\"_wpcf7_ak_js\" value=\"90\"\/><script>document.getElementById( \"ak_js_1\" ).setAttribute( \"value\", ( new Date() ).getTime() );<\/script><\/p><div class=\"wpcf7-response-output\" aria-hidden=\"true\"><\/div><\/form><\/div>\n<p><a title=\"Ma page LinkedIn\" href=\"https:\/\/www.linkedin.com\/in\/lucie-patient-ab34b497\/\"><br \/>\n<img loading=\"lazy\" decoding=\"async\" class=\"alignnone size-full wp-image-239\" src=\"http:\/\/lmcorriger.fr\/wp-content\/uploads\/2018\/11\/LinkeIn.png\" alt=\"\" width=\"34\" height=\"34\" \/><\/a><\/p>\n<p>&nbsp;<\/p>\n","protected":false},"excerpt":{"rendered":"<p>VOUS RECHERCHEZ UN PROFESSIONNEL POUR VOS TRAVAUX DE RELECTURE ET DE CORRECTION ? Demandez un devis\u00a0:\u00a0LM Corriger s\u2019engage \u00e0 vous le fournir gratuitement sous 24\u00a0heures (jours ouvrables) ! &nbsp; Vous pouvez contacter LM Corriger par les moyens suivants\u00a0: \u2192\u00a0Formulaire de contact ci-dessous. \u2192\u00a0Courrier postal\u00a0: Mme Lucie Patient \/ LM Corriger \/ 20, rue des Montagnes &hellip; <a href=\"https:\/\/lmcorriger.fr\/index.php\/contact\/\" class=\"more-link\">Continuer la lecture<span class=\"screen-reader-text\"> de &laquo;&nbsp;Contact&nbsp;&raquo;<\/span><\/a><\/p>\n","protected":false},"author":1,"featured_media":0,"parent":0,"menu_order":0,"comment_status":"closed","ping_status":"closed","template":"","meta":{"footnotes":""},"class_list":["post-36","page","type-page","status-publish","hentry"],"yoast_head":"<!-- This site is optimized with the Yoast SEO plugin v24.9 - https:\/\/yoast.com\/wordpress\/plugins\/seo\/ -->\n<title>Contact - Bienvenue chez LM Corriger<\/title>\n<meta name=\"description\" content=\"LM Corriger s\u2019engage \u00e0 vous fournir gratuitement un devis sous 24 heures pour la relecture et la correction de vos \u00e9crits !\" \/>\n<meta name=\"robots\" content=\"index, follow, max-snippet:-1, max-image-preview:large, max-video-preview:-1\" \/>\n<link rel=\"canonical\" href=\"http:\/\/lmcorriger.fr\/index.php\/contact\/\" \/>\n<meta property=\"og:locale\" content=\"fr_FR\" \/>\n<meta property=\"og:type\" content=\"article\" \/>\n<meta property=\"og:title\" content=\"Contact - Bienvenue chez LM Corriger\" \/>\n<meta property=\"og:description\" content=\"LM Corriger s\u2019engage \u00e0 vous fournir gratuitement un devis sous 24 heures pour la relecture et la correction de vos \u00e9crits !\" \/>\n<meta property=\"og:url\" content=\"http:\/\/lmcorriger.fr\/index.php\/contact\/\" \/>\n<meta property=\"og:site_name\" content=\"Bienvenue chez LM Corriger\" \/>\n<meta property=\"article:modified_time\" content=\"2025-03-27T06:40:22+00:00\" \/>\n<meta property=\"og:image\" content=\"http:\/\/lmcorriger.fr\/wp-content\/uploads\/2018\/11\/Relecture-1-1.jpg\" \/>\n<meta name=\"twitter:card\" content=\"summary_large_image\" \/>\n<meta name=\"twitter:label1\" content=\"Dur\u00e9e de lecture estim\u00e9e\" \/>\n\t<meta name=\"twitter:data1\" content=\"1 minute\" \/>\n<script type=\"application\/ld+json\" class=\"yoast-schema-graph\">{\"@context\":\"https:\/\/schema.org\",\"@graph\":[{\"@type\":\"WebPage\",\"@id\":\"http:\/\/lmcorriger.fr\/index.php\/contact\/\",\"url\":\"http:\/\/lmcorriger.fr\/index.php\/contact\/\",\"name\":\"Contact - Bienvenue chez LM Corriger\",\"isPartOf\":{\"@id\":\"https:\/\/lmcorriger.fr\/#website\"},\"primaryImageOfPage\":{\"@id\":\"http:\/\/lmcorriger.fr\/index.php\/contact\/#primaryimage\"},\"image\":{\"@id\":\"http:\/\/lmcorriger.fr\/index.php\/contact\/#primaryimage\"},\"thumbnailUrl\":\"http:\/\/lmcorriger.fr\/wp-content\/uploads\/2018\/11\/Relecture-1-1.jpg\",\"datePublished\":\"2018-10-19T11:53:44+00:00\",\"dateModified\":\"2025-03-27T06:40:22+00:00\",\"description\":\"LM Corriger s\u2019engage \u00e0 vous fournir gratuitement un devis sous 24 heures pour la relecture et la correction de vos \u00e9crits !\",\"breadcrumb\":{\"@id\":\"http:\/\/lmcorriger.fr\/index.php\/contact\/#breadcrumb\"},\"inLanguage\":\"fr-FR\",\"potentialAction\":[{\"@type\":\"ReadAction\",\"target\":[\"http:\/\/lmcorriger.fr\/index.php\/contact\/\"]}]},{\"@type\":\"ImageObject\",\"inLanguage\":\"fr-FR\",\"@id\":\"http:\/\/lmcorriger.fr\/index.php\/contact\/#primaryimage\",\"url\":\"https:\/\/lmcorriger.fr\/wp-content\/uploads\/2018\/11\/Relecture-1-1.jpg\",\"contentUrl\":\"https:\/\/lmcorriger.fr\/wp-content\/uploads\/2018\/11\/Relecture-1-1.jpg\",\"width\":284,\"height\":480},{\"@type\":\"BreadcrumbList\",\"@id\":\"http:\/\/lmcorriger.fr\/index.php\/contact\/#breadcrumb\",\"itemListElement\":[{\"@type\":\"ListItem\",\"position\":1,\"name\":\"Accueil\",\"item\":\"https:\/\/lmcorriger.fr\/\"},{\"@type\":\"ListItem\",\"position\":2,\"name\":\"Contact\"}]},{\"@type\":\"WebSite\",\"@id\":\"https:\/\/lmcorriger.fr\/#website\",\"url\":\"https:\/\/lmcorriger.fr\/\",\"name\":\"Bienvenue chez LM Corriger\",\"description\":\"La relecture au quotidien !\",\"publisher\":{\"@id\":\"https:\/\/lmcorriger.fr\/#organization\"},\"potentialAction\":[{\"@type\":\"SearchAction\",\"target\":{\"@type\":\"EntryPoint\",\"urlTemplate\":\"https:\/\/lmcorriger.fr\/?s={search_term_string}\"},\"query-input\":{\"@type\":\"PropertyValueSpecification\",\"valueRequired\":true,\"valueName\":\"search_term_string\"}}],\"inLanguage\":\"fr-FR\"},{\"@type\":\"Organization\",\"@id\":\"https:\/\/lmcorriger.fr\/#organization\",\"name\":\"LM Corriger\",\"url\":\"https:\/\/lmcorriger.fr\/\",\"logo\":{\"@type\":\"ImageObject\",\"inLanguage\":\"fr-FR\",\"@id\":\"https:\/\/lmcorriger.fr\/#\/schema\/logo\/image\/\",\"url\":\"http:\/\/lmcorriger.fr\/wp-content\/uploads\/2018\/10\/logolettresnoires_carre-e1539956662665-1.jpg\",\"contentUrl\":\"http:\/\/lmcorriger.fr\/wp-content\/uploads\/2018\/10\/logolettresnoires_carre-e1539956662665-1.jpg\",\"width\":100,\"height\":100,\"caption\":\"LM Corriger\"},\"image\":{\"@id\":\"https:\/\/lmcorriger.fr\/#\/schema\/logo\/image\/\"},\"sameAs\":[\"https:\/\/www.linkedin.com\/in\/lucie-patient-ab34b497\/\"]}]}<\/script>\n<!-- \/ Yoast SEO plugin. -->","yoast_head_json":{"title":"Contact - Bienvenue chez LM Corriger","description":"LM Corriger s\u2019engage \u00e0 vous fournir gratuitement un devis sous 24 heures pour la relecture et la correction de vos \u00e9crits !","robots":{"index":"index","follow":"follow","max-snippet":"max-snippet:-1","max-image-preview":"max-image-preview:large","max-video-preview":"max-video-preview:-1"},"canonical":"http:\/\/lmcorriger.fr\/index.php\/contact\/","og_locale":"fr_FR","og_type":"article","og_title":"Contact - Bienvenue chez LM Corriger","og_description":"LM Corriger s\u2019engage \u00e0 vous fournir gratuitement un devis sous 24 heures pour la relecture et la correction de vos \u00e9crits !","og_url":"http:\/\/lmcorriger.fr\/index.php\/contact\/","og_site_name":"Bienvenue chez LM Corriger","article_modified_time":"2025-03-27T06:40:22+00:00","og_image":[{"url":"http:\/\/lmcorriger.fr\/wp-content\/uploads\/2018\/11\/Relecture-1-1.jpg","type":"","width":"","height":""}],"twitter_card":"summary_large_image","twitter_misc":{"Dur\u00e9e de lecture estim\u00e9e":"1 minute"},"schema":{"@context":"https:\/\/schema.org","@graph":[{"@type":"WebPage","@id":"http:\/\/lmcorriger.fr\/index.php\/contact\/","url":"http:\/\/lmcorriger.fr\/index.php\/contact\/","name":"Contact - Bienvenue chez LM Corriger","isPartOf":{"@id":"https:\/\/lmcorriger.fr\/#website"},"primaryImageOfPage":{"@id":"http:\/\/lmcorriger.fr\/index.php\/contact\/#primaryimage"},"image":{"@id":"http:\/\/lmcorriger.fr\/index.php\/contact\/#primaryimage"},"thumbnailUrl":"http:\/\/lmcorriger.fr\/wp-content\/uploads\/2018\/11\/Relecture-1-1.jpg","datePublished":"2018-10-19T11:53:44+00:00","dateModified":"2025-03-27T06:40:22+00:00","description":"LM Corriger s\u2019engage \u00e0 vous fournir gratuitement un devis sous 24 heures pour la relecture et la correction de vos \u00e9crits !","breadcrumb":{"@id":"http:\/\/lmcorriger.fr\/index.php\/contact\/#breadcrumb"},"inLanguage":"fr-FR","potentialAction":[{"@type":"ReadAction","target":["http:\/\/lmcorriger.fr\/index.php\/contact\/"]}]},{"@type":"ImageObject","inLanguage":"fr-FR","@id":"http:\/\/lmcorriger.fr\/index.php\/contact\/#primaryimage","url":"https:\/\/lmcorriger.fr\/wp-content\/uploads\/2018\/11\/Relecture-1-1.jpg","contentUrl":"https:\/\/lmcorriger.fr\/wp-content\/uploads\/2018\/11\/Relecture-1-1.jpg","width":284,"height":480},{"@type":"BreadcrumbList","@id":"http:\/\/lmcorriger.fr\/index.php\/contact\/#breadcrumb","itemListElement":[{"@type":"ListItem","position":1,"name":"Accueil","item":"https:\/\/lmcorriger.fr\/"},{"@type":"ListItem","position":2,"name":"Contact"}]},{"@type":"WebSite","@id":"https:\/\/lmcorriger.fr\/#website","url":"https:\/\/lmcorriger.fr\/","name":"Bienvenue chez LM Corriger","description":"La relecture au quotidien !","publisher":{"@id":"https:\/\/lmcorriger.fr\/#organization"},"potentialAction":[{"@type":"SearchAction","target":{"@type":"EntryPoint","urlTemplate":"https:\/\/lmcorriger.fr\/?s={search_term_string}"},"query-input":{"@type":"PropertyValueSpecification","valueRequired":true,"valueName":"search_term_string"}}],"inLanguage":"fr-FR"},{"@type":"Organization","@id":"https:\/\/lmcorriger.fr\/#organization","name":"LM Corriger","url":"https:\/\/lmcorriger.fr\/","logo":{"@type":"ImageObject","inLanguage":"fr-FR","@id":"https:\/\/lmcorriger.fr\/#\/schema\/logo\/image\/","url":"http:\/\/lmcorriger.fr\/wp-content\/uploads\/2018\/10\/logolettresnoires_carre-e1539956662665-1.jpg","contentUrl":"http:\/\/lmcorriger.fr\/wp-content\/uploads\/2018\/10\/logolettresnoires_carre-e1539956662665-1.jpg","width":100,"height":100,"caption":"LM Corriger"},"image":{"@id":"https:\/\/lmcorriger.fr\/#\/schema\/logo\/image\/"},"sameAs":["https:\/\/www.linkedin.com\/in\/lucie-patient-ab34b497\/"]}]}},"_links":{"self":[{"href":"https:\/\/lmcorriger.fr\/index.php\/wp-json\/wp\/v2\/pages\/36","targetHints":{"allow":["GET"]}}],"collection":[{"href":"https:\/\/lmcorriger.fr\/index.php\/wp-json\/wp\/v2\/pages"}],"about":[{"href":"https:\/\/lmcorriger.fr\/index.php\/wp-json\/wp\/v2\/types\/page"}],"author":[{"embeddable":true,"href":"https:\/\/lmcorriger.fr\/index.php\/wp-json\/wp\/v2\/users\/1"}],"replies":[{"embeddable":true,"href":"https:\/\/lmcorriger.fr\/index.php\/wp-json\/wp\/v2\/comments?post=36"}],"version-history":[{"count":10,"href":"https:\/\/lmcorriger.fr\/index.php\/wp-json\/wp\/v2\/pages\/36\/revisions"}],"predecessor-version":[{"id":515,"href":"https:\/\/lmcorriger.fr\/index.php\/wp-json\/wp\/v2\/pages\/36\/revisions\/515"}],"wp:attachment":[{"href":"https:\/\/lmcorriger.fr\/index.php\/wp-json\/wp\/v2\/media?parent=36"}],"curies":[{"name":"wp","href":"https:\/\/api.w.org\/{rel}","templated":true}]}}