{"id":42,"date":"2018-10-19T15:32:37","date_gmt":"2018-10-19T13:32:37","guid":{"rendered":"http:\/\/lmc.jem-dev.com\/?page_id=42"},"modified":"2026-01-05T07:25:17","modified_gmt":"2026-01-05T06:25:17","slug":"cgv","status":"publish","type":"page","link":"https:\/\/lmcorriger.fr\/index.php\/cgv\/","title":{"rendered":"Conditions g\u00e9n\u00e9rales de vente"},"content":{"rendered":"<h4 style=\"text-align: center;\"><img loading=\"lazy\" decoding=\"async\" width=\"260\" height=\"1024\" class=\"wp-image-13 size-large\" style=\"width: 260px; height: 1024px; margin-right: 1em; margin-bottom: 1em; float: left;\" src=\"http:\/\/lmcorriger.fr\/wp-content\/uploads\/2018\/10\/bordure_pages-1-260x1024.jpg\" alt=\"Relire\" srcset=\"https:\/\/lmcorriger.fr\/wp-content\/uploads\/2018\/10\/bordure_pages-1-260x1024.jpg 260w, https:\/\/lmcorriger.fr\/wp-content\/uploads\/2018\/10\/bordure_pages-1-76x300.jpg 76w, https:\/\/lmcorriger.fr\/wp-content\/uploads\/2018\/10\/bordure_pages-1.jpg 485w\" sizes=\"auto, (max-width: 260px) 85vw, 260px\" \/>LA RELECTURE ET LA CORRECTION DE VOS TEXTES SONT SOUMIS AUX CONDITIONS G\u00c9N\u00c9RALES DE VENTE<\/h4>\n<p>Toute commande de <strong>relecture correction<\/strong> pass\u00e9e aupr\u00e8s du prestataire <span style=\"color: #800000;\"><strong>LM Corriger <\/strong><\/span>implique l\u2019adh\u00e9sion enti\u00e8re et sans r\u00e9serve du client aux pr\u00e9sentes <strong>conditions g\u00e9n\u00e9rales de vente<\/strong>. Aucune condition particuli\u00e8re ne peut, sauf exception formelle et \u00e9crite figurant sur le bon de commande devenu ferme et d\u00e9finitif, pr\u00e9valoir contre les conditions g\u00e9n\u00e9rales de vente.<\/p>\n<h4 style=\"clear: none !important; color: #3366ff;\">PASSATION DES COMMANDES &amp; DEVIS<\/h4>\n<p>Chaque commande du client est pr\u00e9c\u00e9d\u00e9e d\u2019un devis gratuit, \u00e9tabli par le prestataire, sur la base des documents \u00e0 corriger fournis ou des informations communiqu\u00e9es par le client.<br \/>\nLe devis adress\u00e9 par le prestataire au client, par courrier postal ou \u00e9lectronique, pr\u00e9cise notamment :<\/p>\n<ol style=\"list-style-position: inside;\">\n<li>Le nombre de pages ou de signes soumis \u00e0 correction\u00a0;<\/li>\n<li><a href=\"http:\/\/lmcorriger.fr\/index.php\/tarifs\/\">Les modalit\u00e9s de d\u00e9termination du prix de la prestation de correction<\/a>. Cette derni\u00e8re est factur\u00e9e soit de mani\u00e8re forfaitaire, soit au nombre de signes corrig\u00e9s, soit encore \u00e0 l\u2019heure\u00a0;<\/li>\n<li>Les \u00e9ventuelles majorations de prix appliqu\u00e9es notamment en raison de l\u2019urgence ou de toute autre demande sortant des prestations habituelles fournies par le prestataire\u00a0;<\/li>\n<li>Le montant de l\u2019acompte \u00e9ventuel <em>(pour tout devis sup\u00e9rieur ou \u00e9gal \u00e0 100 \u20ac)<\/em>.<\/li>\n<\/ol>\n<p>Pour confirmer sa commande de mani\u00e8re ferme et d\u00e9finitive, le client doit retourner au prestataire le devis mentionnant l\u2019expression de son consentement (\u00ab bon pour accord \u00bb et signature) \u00e9quivalant \u00e0 l\u2019acceptation des conditions g\u00e9n\u00e9rales de vente, soit par courriel soit par courrier postal. \u00c0 d\u00e9faut de r\u00e9ception de l\u2019acceptation du devis, le prestataire se r\u00e9serve le droit de ne pas commencer sa prestation.<br \/>\n\u00c0 d\u00e9faut de confirmation de sa commande selon les modalit\u00e9s d\u00e9finies ci-dessus dans un d\u00e9lai de deux mois \u00e0 compter de la date d\u2019envoi du devis, ce dernier sera r\u00e9put\u00e9 caduc. Le prestataire se r\u00e9serve la possibilit\u00e9, apr\u00e8s en avoir inform\u00e9 le client, de majorer les tarifs des prestations et\/ou de ne pas respecter la date de livraison figurant sur la confirmation de commande initiale du client et ce notamment dans les cas suivants :<\/p>\n<ol style=\"list-style-position: inside;\">\n<li>La modification ou l\u2019ajout de documents suppl\u00e9mentaires par le client post\u00e9rieurement \u00e0 l\u2019\u00e9tablissement du devis par le prestataire, auquel cas le prestataire se r\u00e9serve le droit d\u2019ajuster le tarif en fonction du volume de texte suppl\u00e9mentaire constat\u00e9 ou demand\u00e9\u00a0;<\/li>\n<li>L\u2019absence de documents lors de l\u2019\u00e9tablissement du devis ; notamment quand celui-ci a d\u00fb \u00eatre effectu\u00e9 sur simple communication du nombre approximatif de caract\u00e8res ou de pages et\/ou d\u2019un extrait du contenu.<\/li>\n<\/ol>\n<p>\u00c0 d\u00e9faut d\u2019accord expr\u00e8s du client sur ces nouvelles conditions de livraison et\/ou de facturation, le prestataire se r\u00e9serve le droit de ne pas d\u00e9buter sa prestation. Les remises ou rabais \u00e9ventuellement accord\u00e9s au client ne sauraient en aucun cas faire na\u00eetre un droit acquis pour des prestations post\u00e9rieures.<br \/>\n<strong>Tout devis \u00e9tabli est valable deux mois \u00e0 compter de sa date d\u2019\u00e9mission<\/strong>, sauf accord \u00e9crit. Pass\u00e9 ce d\u00e9lai, les tarifs pourront \u00eatre r\u00e9vis\u00e9s.<\/p>\n<h4 style=\"clear: none !important; color: #3366ff;\">FORMAT<\/h4>\n<p>Le document \u00e0 corriger est livr\u00e9 par courrier \u00e9lectronique au format Word, PDF ou PowerPoint. Sur demande, il peut \u00eatre livr\u00e9 par courrier postal, aux frais du client. Tout autre moyen de transfert ou format doit \u00eatre express\u00e9ment convenu entre les parties et pourra faire l\u2019objet d\u2019une facturation suppl\u00e9mentaire.<\/p>\n<h4 style=\"clear: none !important; color: #3366ff;\">RESPONSABILIT\u00c9 DU CLIENT<\/h4>\n<p><span style=\"color: #800000;\"><strong>LM Corriger <\/strong><\/span>n\u2019a pas pour mission de v\u00e9rifier la v\u00e9racit\u00e9 et l\u2019origine des textes qui lui sont confi\u00e9s et ne peut \u00eatre tenu pour responsable du non-respect \u00e9ventuel du<em> Code de la propri\u00e9t\u00e9 intellectuelle<\/em> par son client. <strong><span style=\"color: #800000;\">LM Corriger<\/span> <\/strong>se r\u00e9serve le droit de refuser d\u2019intervenir sur certains textes qui lui sembleraient suspects (comportant des propos x\u00e9nophobes, incitant \u00e0 la haine raciale, homophobes, racistes, \u00e0 caract\u00e8re pornographique, discriminatoire, diffamatoire, etc.) ou non-conformes aux lois en vigueur en France, notamment la loi n\u00b0 2004-1486 du 30 d\u00e9cembre 2004 sur les discriminations et pour l\u2019\u00e9galit\u00e9 et la loi n\u00b0 98-468 du 17 juin 1998 relative \u00e0 la pr\u00e9vention et \u00e0 la r\u00e9pression des infractions sexuelles et \u00e0 la protection des mineurs.<\/p>\n<h4 style=\"clear: none !important; color: #3366ff;\">RESPONSABILIT\u00c9 DE LM CORRIGER<\/h4>\n<p>Les travaux confi\u00e9s \u00e0 <span style=\"color: #800000;\"><strong>LM Corriger <\/strong><\/span>sont r\u00e9alis\u00e9s manuellement. Le client accepte donc l\u2019\u00e9ventualit\u00e9 qu\u2019il puisse rester une coquille, une faute, un oubli ayant \u00e9chapp\u00e9 \u00e0 la vigilance du correcteur. Cette constatation ne donne en aucun cas droit \u00e0 une remise, une annulation de facture ou une p\u00e9nalit\u00e9 quelconque. Toutefois, le client \u00e9tant en droit d\u2019attendre un travail de qualit\u00e9, il peut retourner l\u2019ouvrage \u00e0 <strong><span style=\"color: #800000;\">LM Corriger<\/span> <\/strong>pour \u00eatre revu. L\u2019intervention dans ce cas ne g\u00e9n\u00e8rera aucun frais suppl\u00e9mentaire au client. <span style=\"color: #800000;\"><strong>LM Corriger <\/strong><\/span>supportera les frais de livraison par courriel ou voie postale (tarif courant et uniquement si une livraison par voie \u00e9lectronique est techniquement irr\u00e9alisable).<\/p>\n<h4 style=\"clear: none !important; color: #3366ff;\">CLAUSE DE CONFIDENTIALIT\u00c9<\/h4>\n<p>Conform\u00e9ment \u00e0 la loi n\u00b0 78-17 du 6 janvier 1978 relative \u00e0 l\u2019informatique, aux fichiers et aux libert\u00e9s, <strong><span style=\"color: #800000;\">LM Corriger<\/span> <\/strong>garantit \u00e0 sa client\u00e8le les clauses suivantes : pour toute livraison devant \u00eatre adress\u00e9e \u00e0 une personne diff\u00e9rente du signataire de la commande, ses coordonn\u00e9es doivent imp\u00e9rativement \u00eatre indiqu\u00e9es dans le devis ou sur le bon de commande. Leur divulgation implique la responsabilit\u00e9 du signataire de la commande et non celle de <span style=\"color: #800000;\"><strong>LM Corriger<\/strong><\/span>. Sans autorisation particuli\u00e8re du mandataire, <span style=\"color: #800000;\"><strong>LM Corriger <\/strong><\/span>s\u2019engage \u00e0 ne jamais divulguer \u00e0 qui que ce soit les adresses postales, courriels ou autres informations personnelles, ainsi que les documents remis au titre de la correction.<\/p>\n<h4 style=\"clear: none !important; color: #3366ff;\">MODALIT\u00c9S DE PAIEMENT<\/h4>\n<p>Sauf conditions particuli\u00e8res sp\u00e9cifi\u00e9es sur le devis, les factures s\u2019entendent \u00e9tablies nettes, sans escompte et <strong>payables \u00e0 r\u00e9ception de la facture<\/strong>. Cependant, toute commande dont le montant hors taxes est sup\u00e9rieur ou \u00e9gal \u00e0 100 euros sera soumise \u00e0 une demande d\u2019acompte de 50 %, mentionn\u00e9e sur le devis.<\/p>\n<h4 style=\"clear: none !important; color: #3366ff;\">ANNULATION<\/h4>\n<p>En cas d\u2019annulation d\u2019une commande en cours de r\u00e9alisation, quelle qu\u2019en soit la cause, signifi\u00e9e par \u00e9crit au prestataire, le travail d\u00e9j\u00e0 effectu\u00e9 sera factur\u00e9 au client \u00e0 100 %.<\/p>\n<h4 style=\"clear: none !important; color: #3366ff;\">R\u00c9CLAMATIONS<\/h4>\n<p>Toute r\u00e9clamation doit \u00eatre adress\u00e9e par courriel ou par courrier postal, d\u00e8s le jour de la r\u00e9ception de la livraison. \u00c0 d\u00e9faut de r\u00e9clamation dans un d\u00e9lai de 24 heures \u00e0 compter de la date de livraison des documents, le client sera r\u00e9put\u00e9 avoir accept\u00e9 sans r\u00e9serve le travail fourni, ce qui lui interdira tout recours.<\/p>\n<h4 style=\"clear: none !important; color: #3366ff;\">CONSERVATION DES DOCUMENTS LIMIT\u00c9E<\/h4>\n<p><span style=\"color: #800000;\"><strong>LM Corriger <\/strong><\/span>tiendra \u00e0 la disposition de sa client\u00e8le une copie des documents confi\u00e9s et corrig\u00e9s durant une p\u00e9riode de trois mois. Toute demande de r\u00e9cup\u00e9ration de documents, une fois le solde de la commande acquitt\u00e9 et la livraison effectu\u00e9e en bonne et due forme, sera honor\u00e9e gratuitement par courriel ou contre remboursement par voie postale.<br \/>\nAu terme de cette p\u00e9riode d\u2019archivage, les documents seront d\u00e9truits.<\/p>\n<p style=\"text-align: right;\"><em>Date de la derni\u00e8re mise \u00e0 jour : <strong>05 janvier 2026<\/strong>.<\/em><\/p>\n","protected":false},"excerpt":{"rendered":"<p>LA RELECTURE ET LA CORRECTION DE VOS TEXTES SONT SOUMIS AUX CONDITIONS G\u00c9N\u00c9RALES DE VENTE Toute commande de relecture correction pass\u00e9e aupr\u00e8s du prestataire LM Corriger implique l\u2019adh\u00e9sion enti\u00e8re et sans r\u00e9serve du client aux pr\u00e9sentes conditions g\u00e9n\u00e9rales de vente. Aucune condition particuli\u00e8re ne peut, sauf exception formelle et \u00e9crite figurant sur le bon de &hellip; <a href=\"https:\/\/lmcorriger.fr\/index.php\/cgv\/\" class=\"more-link\">Continuer la lecture<span class=\"screen-reader-text\"> de &laquo;&nbsp;Conditions g\u00e9n\u00e9rales de vente&nbsp;&raquo;<\/span><\/a><\/p>\n","protected":false},"author":1,"featured_media":0,"parent":0,"menu_order":0,"comment_status":"closed","ping_status":"closed","template":"","meta":{"footnotes":""},"class_list":["post-42","page","type-page","status-publish","hentry"],"yoast_head":"<!-- This site is optimized with the Yoast SEO plugin v24.9 - https:\/\/yoast.com\/wordpress\/plugins\/seo\/ -->\n<title>Conditions g\u00e9n\u00e9rales de vente - Bienvenue chez LM Corriger<\/title>\n<meta name=\"description\" content=\"Faites relire et corriger vos textes ! LM Corriger apportera une r\u00e9elle valeur ajout\u00e9e \u00e0 vos \u00e9crits gr\u00e2ce \u00e0 un fran\u00e7ais impeccable !\" \/>\n<meta name=\"robots\" content=\"index, follow, max-snippet:-1, max-image-preview:large, max-video-preview:-1\" \/>\n<link rel=\"canonical\" href=\"https:\/\/lmcorriger.fr\/index.php\/cgv\/\" \/>\n<meta property=\"og:locale\" content=\"fr_FR\" \/>\n<meta property=\"og:type\" content=\"article\" \/>\n<meta property=\"og:title\" content=\"Conditions g\u00e9n\u00e9rales de vente - Bienvenue chez LM Corriger\" \/>\n<meta property=\"og:description\" content=\"Faites relire et corriger vos textes ! LM Corriger apportera une r\u00e9elle valeur ajout\u00e9e \u00e0 vos \u00e9crits gr\u00e2ce \u00e0 un fran\u00e7ais impeccable !\" \/>\n<meta property=\"og:url\" content=\"https:\/\/lmcorriger.fr\/index.php\/cgv\/\" \/>\n<meta property=\"og:site_name\" content=\"Bienvenue chez LM Corriger\" \/>\n<meta property=\"article:modified_time\" content=\"2026-01-05T06:25:17+00:00\" \/>\n<meta property=\"og:image\" content=\"http:\/\/lmcorriger.fr\/wp-content\/uploads\/2018\/10\/bordure_pages-1-260x1024.jpg\" \/>\n<meta name=\"twitter:card\" content=\"summary_large_image\" \/>\n<meta name=\"twitter:label1\" content=\"Dur\u00e9e de lecture estim\u00e9e\" \/>\n\t<meta name=\"twitter:data1\" content=\"6 minutes\" \/>\n<script type=\"application\/ld+json\" class=\"yoast-schema-graph\">{\"@context\":\"https:\/\/schema.org\",\"@graph\":[{\"@type\":\"WebPage\",\"@id\":\"https:\/\/lmcorriger.fr\/index.php\/cgv\/\",\"url\":\"https:\/\/lmcorriger.fr\/index.php\/cgv\/\",\"name\":\"Conditions g\u00e9n\u00e9rales de vente - Bienvenue chez LM Corriger\",\"isPartOf\":{\"@id\":\"https:\/\/lmcorriger.fr\/#website\"},\"primaryImageOfPage\":{\"@id\":\"https:\/\/lmcorriger.fr\/index.php\/cgv\/#primaryimage\"},\"image\":{\"@id\":\"https:\/\/lmcorriger.fr\/index.php\/cgv\/#primaryimage\"},\"thumbnailUrl\":\"http:\/\/lmcorriger.fr\/wp-content\/uploads\/2018\/10\/bordure_pages-1-260x1024.jpg\",\"datePublished\":\"2018-10-19T13:32:37+00:00\",\"dateModified\":\"2026-01-05T06:25:17+00:00\",\"description\":\"Faites relire et corriger vos textes ! LM Corriger apportera une r\u00e9elle valeur ajout\u00e9e \u00e0 vos \u00e9crits gr\u00e2ce \u00e0 un fran\u00e7ais impeccable !\",\"breadcrumb\":{\"@id\":\"https:\/\/lmcorriger.fr\/index.php\/cgv\/#breadcrumb\"},\"inLanguage\":\"fr-FR\",\"potentialAction\":[{\"@type\":\"ReadAction\",\"target\":[\"https:\/\/lmcorriger.fr\/index.php\/cgv\/\"]}]},{\"@type\":\"ImageObject\",\"inLanguage\":\"fr-FR\",\"@id\":\"https:\/\/lmcorriger.fr\/index.php\/cgv\/#primaryimage\",\"url\":\"https:\/\/lmcorriger.fr\/wp-content\/uploads\/2018\/10\/bordure_pages-1.jpg\",\"contentUrl\":\"https:\/\/lmcorriger.fr\/wp-content\/uploads\/2018\/10\/bordure_pages-1.jpg\",\"width\":485,\"height\":1910,\"caption\":\"Relire\"},{\"@type\":\"BreadcrumbList\",\"@id\":\"https:\/\/lmcorriger.fr\/index.php\/cgv\/#breadcrumb\",\"itemListElement\":[{\"@type\":\"ListItem\",\"position\":1,\"name\":\"Accueil\",\"item\":\"http:\/\/lmcorriger.fr\/\"},{\"@type\":\"ListItem\",\"position\":2,\"name\":\"Conditions g\u00e9n\u00e9rales de vente\"}]},{\"@type\":\"WebSite\",\"@id\":\"https:\/\/lmcorriger.fr\/#website\",\"url\":\"https:\/\/lmcorriger.fr\/\",\"name\":\"Bienvenue chez LM Corriger\",\"description\":\"La relecture au quotidien !\",\"publisher\":{\"@id\":\"https:\/\/lmcorriger.fr\/#organization\"},\"potentialAction\":[{\"@type\":\"SearchAction\",\"target\":{\"@type\":\"EntryPoint\",\"urlTemplate\":\"https:\/\/lmcorriger.fr\/?s={search_term_string}\"},\"query-input\":{\"@type\":\"PropertyValueSpecification\",\"valueRequired\":true,\"valueName\":\"search_term_string\"}}],\"inLanguage\":\"fr-FR\"},{\"@type\":\"Organization\",\"@id\":\"https:\/\/lmcorriger.fr\/#organization\",\"name\":\"LM Corriger\",\"url\":\"https:\/\/lmcorriger.fr\/\",\"logo\":{\"@type\":\"ImageObject\",\"inLanguage\":\"fr-FR\",\"@id\":\"https:\/\/lmcorriger.fr\/#\/schema\/logo\/image\/\",\"url\":\"http:\/\/lmcorriger.fr\/wp-content\/uploads\/2018\/10\/logolettresnoires_carre-e1539956662665-1.jpg\",\"contentUrl\":\"http:\/\/lmcorriger.fr\/wp-content\/uploads\/2018\/10\/logolettresnoires_carre-e1539956662665-1.jpg\",\"width\":100,\"height\":100,\"caption\":\"LM Corriger\"},\"image\":{\"@id\":\"https:\/\/lmcorriger.fr\/#\/schema\/logo\/image\/\"},\"sameAs\":[\"https:\/\/www.linkedin.com\/in\/lucie-patient-ab34b497\/\"]}]}<\/script>\n<!-- \/ Yoast SEO plugin. -->","yoast_head_json":{"title":"Conditions g\u00e9n\u00e9rales de vente - Bienvenue chez LM Corriger","description":"Faites relire et corriger vos textes ! LM Corriger apportera une r\u00e9elle valeur ajout\u00e9e \u00e0 vos \u00e9crits gr\u00e2ce \u00e0 un fran\u00e7ais impeccable !","robots":{"index":"index","follow":"follow","max-snippet":"max-snippet:-1","max-image-preview":"max-image-preview:large","max-video-preview":"max-video-preview:-1"},"canonical":"https:\/\/lmcorriger.fr\/index.php\/cgv\/","og_locale":"fr_FR","og_type":"article","og_title":"Conditions g\u00e9n\u00e9rales de vente - Bienvenue chez LM Corriger","og_description":"Faites relire et corriger vos textes ! LM Corriger apportera une r\u00e9elle valeur ajout\u00e9e \u00e0 vos \u00e9crits gr\u00e2ce \u00e0 un fran\u00e7ais impeccable !","og_url":"https:\/\/lmcorriger.fr\/index.php\/cgv\/","og_site_name":"Bienvenue chez LM Corriger","article_modified_time":"2026-01-05T06:25:17+00:00","og_image":[{"url":"http:\/\/lmcorriger.fr\/wp-content\/uploads\/2018\/10\/bordure_pages-1-260x1024.jpg","type":"","width":"","height":""}],"twitter_card":"summary_large_image","twitter_misc":{"Dur\u00e9e de lecture estim\u00e9e":"6 minutes"},"schema":{"@context":"https:\/\/schema.org","@graph":[{"@type":"WebPage","@id":"https:\/\/lmcorriger.fr\/index.php\/cgv\/","url":"https:\/\/lmcorriger.fr\/index.php\/cgv\/","name":"Conditions g\u00e9n\u00e9rales de vente - Bienvenue chez LM Corriger","isPartOf":{"@id":"https:\/\/lmcorriger.fr\/#website"},"primaryImageOfPage":{"@id":"https:\/\/lmcorriger.fr\/index.php\/cgv\/#primaryimage"},"image":{"@id":"https:\/\/lmcorriger.fr\/index.php\/cgv\/#primaryimage"},"thumbnailUrl":"http:\/\/lmcorriger.fr\/wp-content\/uploads\/2018\/10\/bordure_pages-1-260x1024.jpg","datePublished":"2018-10-19T13:32:37+00:00","dateModified":"2026-01-05T06:25:17+00:00","description":"Faites relire et corriger vos textes ! LM Corriger apportera une r\u00e9elle valeur ajout\u00e9e \u00e0 vos \u00e9crits gr\u00e2ce \u00e0 un fran\u00e7ais impeccable !","breadcrumb":{"@id":"https:\/\/lmcorriger.fr\/index.php\/cgv\/#breadcrumb"},"inLanguage":"fr-FR","potentialAction":[{"@type":"ReadAction","target":["https:\/\/lmcorriger.fr\/index.php\/cgv\/"]}]},{"@type":"ImageObject","inLanguage":"fr-FR","@id":"https:\/\/lmcorriger.fr\/index.php\/cgv\/#primaryimage","url":"https:\/\/lmcorriger.fr\/wp-content\/uploads\/2018\/10\/bordure_pages-1.jpg","contentUrl":"https:\/\/lmcorriger.fr\/wp-content\/uploads\/2018\/10\/bordure_pages-1.jpg","width":485,"height":1910,"caption":"Relire"},{"@type":"BreadcrumbList","@id":"https:\/\/lmcorriger.fr\/index.php\/cgv\/#breadcrumb","itemListElement":[{"@type":"ListItem","position":1,"name":"Accueil","item":"http:\/\/lmcorriger.fr\/"},{"@type":"ListItem","position":2,"name":"Conditions g\u00e9n\u00e9rales de vente"}]},{"@type":"WebSite","@id":"https:\/\/lmcorriger.fr\/#website","url":"https:\/\/lmcorriger.fr\/","name":"Bienvenue chez LM Corriger","description":"La relecture au quotidien !","publisher":{"@id":"https:\/\/lmcorriger.fr\/#organization"},"potentialAction":[{"@type":"SearchAction","target":{"@type":"EntryPoint","urlTemplate":"https:\/\/lmcorriger.fr\/?s={search_term_string}"},"query-input":{"@type":"PropertyValueSpecification","valueRequired":true,"valueName":"search_term_string"}}],"inLanguage":"fr-FR"},{"@type":"Organization","@id":"https:\/\/lmcorriger.fr\/#organization","name":"LM Corriger","url":"https:\/\/lmcorriger.fr\/","logo":{"@type":"ImageObject","inLanguage":"fr-FR","@id":"https:\/\/lmcorriger.fr\/#\/schema\/logo\/image\/","url":"http:\/\/lmcorriger.fr\/wp-content\/uploads\/2018\/10\/logolettresnoires_carre-e1539956662665-1.jpg","contentUrl":"http:\/\/lmcorriger.fr\/wp-content\/uploads\/2018\/10\/logolettresnoires_carre-e1539956662665-1.jpg","width":100,"height":100,"caption":"LM Corriger"},"image":{"@id":"https:\/\/lmcorriger.fr\/#\/schema\/logo\/image\/"},"sameAs":["https:\/\/www.linkedin.com\/in\/lucie-patient-ab34b497\/"]}]}},"_links":{"self":[{"href":"https:\/\/lmcorriger.fr\/index.php\/wp-json\/wp\/v2\/pages\/42","targetHints":{"allow":["GET"]}}],"collection":[{"href":"https:\/\/lmcorriger.fr\/index.php\/wp-json\/wp\/v2\/pages"}],"about":[{"href":"https:\/\/lmcorriger.fr\/index.php\/wp-json\/wp\/v2\/types\/page"}],"author":[{"embeddable":true,"href":"https:\/\/lmcorriger.fr\/index.php\/wp-json\/wp\/v2\/users\/1"}],"replies":[{"embeddable":true,"href":"https:\/\/lmcorriger.fr\/index.php\/wp-json\/wp\/v2\/comments?post=42"}],"version-history":[{"count":38,"href":"https:\/\/lmcorriger.fr\/index.php\/wp-json\/wp\/v2\/pages\/42\/revisions"}],"predecessor-version":[{"id":542,"href":"https:\/\/lmcorriger.fr\/index.php\/wp-json\/wp\/v2\/pages\/42\/revisions\/542"}],"wp:attachment":[{"href":"https:\/\/lmcorriger.fr\/index.php\/wp-json\/wp\/v2\/media?parent=42"}],"curies":[{"name":"wp","href":"https:\/\/api.w.org\/{rel}","templated":true}]}}