{"id":71,"date":"2018-10-26T11:12:44","date_gmt":"2018-10-26T09:12:44","guid":{"rendered":"http:\/\/lmc.jem-dev.com\/?page_id=71"},"modified":"2026-01-05T07:43:31","modified_gmt":"2026-01-05T06:43:31","slug":"references","status":"publish","type":"page","link":"https:\/\/lmcorriger.fr\/index.php\/references\/","title":{"rendered":"R\u00e9f\u00e9rences"},"content":{"rendered":"<h4 style=\"text-align: center;\"><span style=\"margin: 0px; color: #1a1a1a; line-height: 115%; font-family: 'Garamond','serif'; font-size: 12pt;\"><img loading=\"lazy\" decoding=\"async\" class=\"alignleft wp-image-521\" src=\"http:\/\/lmcorriger.fr\/wp-content\/uploads\/2025\/03\/References-LMC-scaled.jpg\" alt=\"\" width=\"260\" height=\"479\" srcset=\"https:\/\/lmcorriger.fr\/wp-content\/uploads\/2025\/03\/References-LMC-scaled.jpg 1391w, https:\/\/lmcorriger.fr\/wp-content\/uploads\/2025\/03\/References-LMC-163x300.jpg 163w, https:\/\/lmcorriger.fr\/wp-content\/uploads\/2025\/03\/References-LMC-557x1024.jpg 557w, https:\/\/lmcorriger.fr\/wp-content\/uploads\/2025\/03\/References-LMC-768x1413.jpg 768w, https:\/\/lmcorriger.fr\/wp-content\/uploads\/2025\/03\/References-LMC-835x1536.jpg 835w, https:\/\/lmcorriger.fr\/wp-content\/uploads\/2025\/03\/References-LMC-1113x2048.jpg 1113w, https:\/\/lmcorriger.fr\/wp-content\/uploads\/2025\/03\/References-LMC-1200x2208.jpg 1200w\" sizes=\"auto, (max-width: 260px) 85vw, 260px\" \/><\/span>DEPUIS LA CR\u00c9ATION DE SON ACTIVIT\u00c9, <span style=\"color: #800000;\"><strong>LM CORRIGER <\/strong><\/span>RELIT, ANNOTE ET CORRIGE TOUS TYPES DE DOCUMENTS.<\/h4>\n<p style=\"text-align: center;\">Vous trouverez ci-dessous un aper\u00e7u de la <strong>diversit\u00e9 des \u00e9crits relus et corrig\u00e9s<\/strong>, pour une grande majorit\u00e9 depuis <strong>le fichier Word<\/strong> jusqu&rsquo;\u00e0 la <strong>maquette avant impression<\/strong>.<\/p>\n<h4 style=\"text-align: left;\"><span style=\"color: #800000;\"><strong>OUVRAGES<\/strong><\/span><\/h4>\n<p><em><span style=\"color: #0000ff;\"><strong>2025<\/strong><\/span><\/em><\/p>\n<p><strong>&#8211;<\/strong> <a href=\"https:\/\/www.onf.fr\/onf\/%2B\/27fe::rapport-dactivite-2024-de-lonf.html\" target=\"_blank\" rel=\"noopener noreferrer\">Rapport d&rsquo;activit\u00e9 2024<\/a> &#8211; ONF &#8211; 108 pages<em>.<\/em><\/p>\n<p><strong>&#8211;<\/strong> Rapport d&rsquo;activit\u00e9 2024 <span style=\"color: #000080;\"><span style=\"color: #000000;\">&#8211; <a href=\"https:\/\/www.energie-mediateur.fr\/\" target=\"_blank\" rel=\"noopener\"><strong>M\u00e9diateur national de l&rsquo;\u00e9nergie <\/strong><\/a><\/span><\/span>&#8211; 107 pages.<\/p>\n<p>&#8211; Rapports d&rsquo;activit\u00e9 2024 <em>(internes)<\/em> &#8211; AOCDTF.<\/p>\n<p><em><span style=\"color: #0000ff;\"><strong>2024<\/strong><\/span><\/em><\/p>\n<p><strong>&#8211;<\/strong> <a href=\"https:\/\/www.onf.fr\/onf\/%2B\/2141::rapport-dactivite-2023-de-lonf.html\" target=\"_blank\" rel=\"noopener noreferrer\">Rapport d&rsquo;activit\u00e9 2023<\/a> &#8211; ONF &#8211; 104 pages<em>.<\/em><\/p>\n<p>&#8211; <a href=\"https:\/\/viewer.joomag.com\/rapport-de-responsabilit%C3%A9-soci%C3%A9tale-2023-compagnons-du-devoir\/0266614001720430661?short&amp;\" target=\"_blank\" rel=\"noopener noreferrer\">Rapport de responsabilit\u00e9 soci\u00e9tale 2023<\/a> &#8211; AOCDTF<\/p>\n<p>&#8211; Album\u00a0<em>Ballades initiatiques<\/em> &#8211; <em>live<\/em> \u00e0 L&rsquo;Envol\u00e9e \u00a0&#8211; <a href=\"http:\/\/www.w48music.fr\/\" target=\"_blank\" rel=\"noopener noreferrer\">Le Devoir&rsquo;s Band<\/a><\/p>\n<p>&#8211; <a href=\"https:\/\/www.gallimard.fr\/catalogue\/lassaad-metoui\/9782073080783\" target=\"_blank\" rel=\"noopener noreferrer\"><em>Lass\u00e2d Metoui &#8211; Ivresse de l&rsquo;encre<\/em><\/a> (catalogue d&rsquo;exposition) &#8211; Gallimard<\/p>\n<p><strong>&#8211; <\/strong><em>Maria Papa Rostkowska &#8211; Sculptrice \u00e0 la rencontre du marbre <\/em>&#8211;\u00a0<a href=\"http:\/\/www.coubertin.fr\/\" target=\"_blank\" rel=\"noopener noreferrer\">Fondation de Coubertin<\/a>.<\/p>\n<p><strong>&#8211;<\/strong> <a href=\"https:\/\/viewer.joomag.com\/rapport-annuel-2023-compagnons-du-devoir\/0273841001718785558\/p1?short=\" target=\"_blank\" rel=\"noopener noreferrer\">Rapport d&rsquo;activit\u00e9 2023<\/a> &#8211; AOCDTF<\/p>\n<p><em><span style=\"color: #0000ff;\"><strong>2023<\/strong><\/span><\/em><\/p>\n<p>&#8211; <em>La Culture en mouvement !<\/em> &#8211; <a href=\"https:\/\/emmaus-france.org\/\" target=\"_blank\" rel=\"noopener noreferrer\">Emma\u00fcs <\/a>&#8211; 41 pages<em>.<\/em><\/p>\n<p><strong>&#8211;<\/strong> Album\u00a0 <em>Travaille et chante 2023<\/em> &#8211; <em>live in<\/em> \u00ab la Ferme du Manet \u00bb &#8211; <a href=\"http:\/\/www.w48music.fr\/\" target=\"_blank\" rel=\"noopener noreferrer\">Le Devoir&rsquo;s Band &amp; Les Jeunes<\/a><\/p>\n<p><em><span style=\"color: #0000ff;\"><strong>2022<\/strong><\/span><\/em><\/p>\n<p>&#8211; <em>Taille de pierre &#8211; savoir-faire et techniques<\/em><span style=\"color: #000080;\"><span style=\"color: #000000;\"> &#8211;\u00a0 cinqui\u00e8me \u00e9dition &#8211; AOCDTF<\/span><\/span><\/p>\n<p>&#8211; Dossier de presse de la Fondation de Coubertin<span style=\"color: #000080;\"><i>\u00a0<\/i><\/span>&#8211; <a href=\"http:\/\/www.coubertin.fr\/\" target=\"_blank\" rel=\"noopener noreferrer\">Fondation de Coubertin<\/a>.<\/p>\n<p><strong>&#8211;<\/strong> <a href=\"https:\/\/www.onf.fr\/onf\/+\/168e::rapport-dactivite-2021-de-lonf.html\" target=\"_blank\" rel=\"noopener noreferrer\">Rapport d&rsquo;activit\u00e9 2021<\/a> &#8211; ONF &#8211; 124 pages<em>.<\/em><\/p>\n<p>&#8211; <a href=\"https:\/\/www.librairie-compagnons.com\/3424-compagnonnage-andre-delibes-et-lucien-hibert--deux-vies-au-service-des-autres.html\" target=\"_blank\" rel=\"noopener noreferrer\"><em>Andr\u00e9 Delibes et Lucien Hibert &#8211; deux vies au service des autres<\/em><\/a> &#8211; Librairie du Compagnonnage &#8211; 372 pages<em>.<\/em><\/p>\n<p><strong>&#8211;<\/strong> <a href=\"https:\/\/viewer.joomag.com\/rapport-annuel-2021-compagnons-du-devoir\/0599044001656677721\" target=\"_blank\" rel=\"noopener noreferrer\">Rapport d&rsquo;activit\u00e9 2021<\/a> &#8211; AOCDTF<\/p>\n<p><em><span style=\"color: #0000ff;\"><strong>2021<\/strong><\/span><\/em><\/p>\n<p><strong>&#8211;<\/strong> <a href=\"https:\/\/dumetier.org\/etude\/detail\/6156e4cddd7457558a2bab92\" target=\"_blank\" rel=\"noopener noreferrer\"><em>La fen\u00eatre en bois du XV<sup>e<\/sup> au XXI<sup>e<\/sup> si\u00e8cle<\/em><\/a> (\u00e9dition augment\u00e9e de <em>L&rsquo;\u00e9volution des fen\u00eatres du XV<sup>e<\/sup> au XX<sup>e<\/sup> si\u00e8cle <\/em> de 1989) &#8211; AOCDTF &#8211; 188 pages<em>.<\/em><\/p>\n<p><em><span style=\"color: #0000ff;\"><strong>2020<\/strong><\/span><\/em><\/p>\n<p><strong>&#8211; <\/strong><em>Rapport final. \u00c9valuation \u00e0 mi-parcours du programme AfriCAP et \u00e9valuation finale de la composante de renforcement des capacit\u00e9s du programme WA-WASH<\/em> &#8211; collectif &#8211; 85 pages<em>.<\/em><\/p>\n<p>&#8211; <em>La T\u00eate dans le p\u00e9trin<\/em> &#8211; AOCDTF &#8211; 372 pages.<\/p>\n<p>&#8211;\u00a0<a href=\"https:\/\/www.washnet.de\/wp-content\/uploads\/2020\/05\/Compendium-des-technologies-dassainissement.pdf\" target=\"_blank\" rel=\"noopener noreferrer\"><em>Compendium des technologies d&rsquo;assainissement dans les situations d&rsquo;urgence<\/em><\/a><em>,<\/em> collectif.<\/p>\n<p>&#8211;\u00a0<em><a href=\"https:\/\/developmentbookshop.com\/le-traitement-des-boues-de-vidange\" target=\"_blank\" rel=\"noopener noreferrer\">Le Traitement des boues de vidange &#8211; Un guide pour les pays \u00e0 revenu faible et interm\u00e9diaire<\/a>\u00a0&#8211; <\/em>traduction fran\u00e7aise de l&rsquo;ouvrage de Kevin Tayler<em> &#8211; <\/em>426 pages<em>.<\/em><\/p>\n<h4><span style=\"color: #800000;\"><strong>P\u00c9RIODIQUES<\/strong><\/span><\/h4>\n<p>&#8211;\u00a0<a href=\"https:\/\/www.librairie-compagnons.com\/9477-compagnonnage-c-la-revue-des-compagnons-n--6-le-rapport-des-jeunes-au-travail.html\" target=\"_blank\" rel=\"noopener noreferrer\"><em>C La Revue des Compagnons #6<\/em><\/a> &#8211; AOCDTF &#8211; 79 pages\u00a0<em><span style=\"color: #0000ff;\"><strong>(2023)<\/strong><\/span><\/em><em>.<\/em><\/p>\n<p>&#8211;\u00a0<a href=\"https:\/\/www.librairie-compagnons.com\/3178-compagnonnage-c-5-la-revue-des-compagnons-du-devoir-et-du-tour-de-france--5---transmettre--une-evidente-necessite.html\" target=\"_blank\" rel=\"noopener noreferrer\"><em>C La Revue des Compagnons #5<\/em><\/a> &#8211; AOCDTF &#8211; 79 pages\u00a0<em><span style=\"color: #0000ff;\"><strong>(2021)<\/strong><\/span><\/em><em>.<\/em><\/p>\n<p>&#8211;\u00a0<a href=\"https:\/\/www.librairie-compagnons.com\/2753-compagnonnage-c-la-revue-des-compagnons-du-devoir.html\" target=\"_blank\" rel=\"noopener noreferrer\"><em>C La Revue des Compagnons #4<\/em><\/a> &#8211; AOCDTF &#8211; 79 pages\u00a0<em><span style=\"color: #0000ff;\"><strong>(2020)<\/strong><\/span><\/em><em>.<\/em><\/p>\n<p><strong>&#8211;<\/strong> Journal <a href=\"https:\/\/www.compagnons-du-devoir.com\/le-journal-des-compagnons-du-devoir\" target=\"_blank\" rel=\"noopener noreferrer\"><em>Compagnon du Devoir<\/em><\/a> &#8211; mensuel de l&rsquo;AOCDTF <em>(depuis octobre 2012 \u00e0 ce jour<\/em><em>).<\/em><\/p>\n<h4><span style=\"color: #3366ff;\"><strong><span style=\"color: #800000;\">CATALOGUES D&rsquo;EXPOSITION<\/span><\/strong><\/span><\/h4>\n<p><strong>&#8211;<\/strong> <a href=\"https:\/\/mopo3.com\/musee\/librairie\/\" target=\"_blank\" rel=\"noopener noreferrer\"><em>Une Passion des M\u00e9tiers : Le Champagne !<\/em><\/a> &#8211; MOPO &#8211; 98 pages <em>(2012)<\/em>.<\/p>\n<h4><span style=\"color: #800000;\"><strong>M\u00c9MOIRES \u00c9TUDIANTS<\/strong><\/span><\/h4>\n<p><strong>&#8211;<\/strong> M\u00e9moire de fin de cycle (sixi\u00e8me ann\u00e9e) en \u00e9tiopathie &#8211; 37 pages <em>(2013).<\/em><\/p>\n<h4><span style=\"color: #800000;\"><strong>AUTRES<\/strong><\/span><\/h4>\n<p><strong>&#8211;<\/strong> Affiches <em>(depuis 2012).<\/em><\/p>\n<p><strong>&#8211;<\/strong> Lettres internes <em>(depuis 2012)<\/em>.<\/p>\n<p><strong>&#8211;<\/strong> Catalogues de formation <em>(depuis 2015).<\/em><\/p>\n<p><strong>\u00a0<\/strong><a title=\"Ma page LinkedIn\" href=\"https:\/\/www.linkedin.com\/in\/lucie-patient-ab34b497\/\"><img loading=\"lazy\" decoding=\"async\" class=\"alignnone size-full wp-image-239\" src=\"http:\/\/lmcorriger.fr\/wp-content\/uploads\/2018\/11\/LinkeIn.png\" alt=\"\" width=\"34\" height=\"34\" \/><\/a><\/p>\n<p>&nbsp;<\/p>\n","protected":false},"excerpt":{"rendered":"<p>DEPUIS LA CR\u00c9ATION DE SON ACTIVIT\u00c9, LM CORRIGER RELIT, ANNOTE ET CORRIGE TOUS TYPES DE DOCUMENTS. Vous trouverez ci-dessous un aper\u00e7u de la diversit\u00e9 des \u00e9crits relus et corrig\u00e9s, pour une grande majorit\u00e9 depuis le fichier Word jusqu&rsquo;\u00e0 la maquette avant impression. OUVRAGES 2025 &#8211; Rapport d&rsquo;activit\u00e9 2024 &#8211; ONF &#8211; 108 pages. &#8211; Rapport &hellip; <a href=\"https:\/\/lmcorriger.fr\/index.php\/references\/\" class=\"more-link\">Continuer la lecture<span class=\"screen-reader-text\"> de &laquo;&nbsp;R\u00e9f\u00e9rences&nbsp;&raquo;<\/span><\/a><\/p>\n","protected":false},"author":1,"featured_media":0,"parent":0,"menu_order":0,"comment_status":"closed","ping_status":"closed","template":"","meta":{"footnotes":""},"class_list":["post-71","page","type-page","status-publish","hentry"],"yoast_head":"<!-- This site is optimized with the Yoast SEO plugin v24.9 - https:\/\/yoast.com\/wordpress\/plugins\/seo\/ -->\n<title>R\u00e9f\u00e9rences - Bienvenue chez LM Corriger<\/title>\n<meta name=\"description\" content=\"Votre relectrice correctrice relit et corrige tous types de documents. Du m\u00e9moire \u00e9tudiant \u00e0 l&#039;ouvrage technique, en passant par des comptes-rendus...\" \/>\n<meta name=\"robots\" content=\"index, follow, max-snippet:-1, max-image-preview:large, max-video-preview:-1\" \/>\n<link rel=\"canonical\" href=\"https:\/\/lmcorriger.fr\/index.php\/references\/\" \/>\n<meta property=\"og:locale\" content=\"fr_FR\" \/>\n<meta property=\"og:type\" content=\"article\" \/>\n<meta property=\"og:title\" content=\"R\u00e9f\u00e9rences - Bienvenue chez LM Corriger\" \/>\n<meta property=\"og:description\" content=\"Votre relectrice correctrice relit et corrige tous types de documents. Du m\u00e9moire \u00e9tudiant \u00e0 l&#039;ouvrage technique, en passant par des comptes-rendus...\" \/>\n<meta property=\"og:url\" content=\"https:\/\/lmcorriger.fr\/index.php\/references\/\" \/>\n<meta property=\"og:site_name\" content=\"Bienvenue chez LM Corriger\" \/>\n<meta property=\"article:modified_time\" content=\"2026-01-05T06:43:31+00:00\" \/>\n<meta property=\"og:image\" content=\"http:\/\/lmcorriger.fr\/wp-content\/uploads\/2025\/03\/References-LMC-scaled.jpg\" \/>\n<meta name=\"twitter:card\" content=\"summary_large_image\" \/>\n<meta name=\"twitter:label1\" content=\"Dur\u00e9e de lecture estim\u00e9e\" \/>\n\t<meta name=\"twitter:data1\" content=\"3 minutes\" \/>\n<script type=\"application\/ld+json\" class=\"yoast-schema-graph\">{\"@context\":\"https:\/\/schema.org\",\"@graph\":[{\"@type\":\"WebPage\",\"@id\":\"https:\/\/lmcorriger.fr\/index.php\/references\/\",\"url\":\"https:\/\/lmcorriger.fr\/index.php\/references\/\",\"name\":\"R\u00e9f\u00e9rences - Bienvenue chez LM Corriger\",\"isPartOf\":{\"@id\":\"https:\/\/lmcorriger.fr\/#website\"},\"primaryImageOfPage\":{\"@id\":\"https:\/\/lmcorriger.fr\/index.php\/references\/#primaryimage\"},\"image\":{\"@id\":\"https:\/\/lmcorriger.fr\/index.php\/references\/#primaryimage\"},\"thumbnailUrl\":\"http:\/\/lmcorriger.fr\/wp-content\/uploads\/2025\/03\/References-LMC-scaled.jpg\",\"datePublished\":\"2018-10-26T09:12:44+00:00\",\"dateModified\":\"2026-01-05T06:43:31+00:00\",\"description\":\"Votre relectrice correctrice relit et corrige tous types de documents. Du m\u00e9moire \u00e9tudiant \u00e0 l'ouvrage technique, en passant par des comptes-rendus...\",\"breadcrumb\":{\"@id\":\"https:\/\/lmcorriger.fr\/index.php\/references\/#breadcrumb\"},\"inLanguage\":\"fr-FR\",\"potentialAction\":[{\"@type\":\"ReadAction\",\"target\":[\"https:\/\/lmcorriger.fr\/index.php\/references\/\"]}]},{\"@type\":\"ImageObject\",\"inLanguage\":\"fr-FR\",\"@id\":\"https:\/\/lmcorriger.fr\/index.php\/references\/#primaryimage\",\"url\":\"http:\/\/lmcorriger.fr\/wp-content\/uploads\/2025\/03\/References-LMC-scaled.jpg\",\"contentUrl\":\"http:\/\/lmcorriger.fr\/wp-content\/uploads\/2025\/03\/References-LMC-scaled.jpg\"},{\"@type\":\"BreadcrumbList\",\"@id\":\"https:\/\/lmcorriger.fr\/index.php\/references\/#breadcrumb\",\"itemListElement\":[{\"@type\":\"ListItem\",\"position\":1,\"name\":\"Accueil\",\"item\":\"http:\/\/lmcorriger.fr\/\"},{\"@type\":\"ListItem\",\"position\":2,\"name\":\"R\u00e9f\u00e9rences\"}]},{\"@type\":\"WebSite\",\"@id\":\"https:\/\/lmcorriger.fr\/#website\",\"url\":\"https:\/\/lmcorriger.fr\/\",\"name\":\"Bienvenue chez LM Corriger\",\"description\":\"La relecture au quotidien !\",\"publisher\":{\"@id\":\"https:\/\/lmcorriger.fr\/#organization\"},\"potentialAction\":[{\"@type\":\"SearchAction\",\"target\":{\"@type\":\"EntryPoint\",\"urlTemplate\":\"https:\/\/lmcorriger.fr\/?s={search_term_string}\"},\"query-input\":{\"@type\":\"PropertyValueSpecification\",\"valueRequired\":true,\"valueName\":\"search_term_string\"}}],\"inLanguage\":\"fr-FR\"},{\"@type\":\"Organization\",\"@id\":\"https:\/\/lmcorriger.fr\/#organization\",\"name\":\"LM Corriger\",\"url\":\"https:\/\/lmcorriger.fr\/\",\"logo\":{\"@type\":\"ImageObject\",\"inLanguage\":\"fr-FR\",\"@id\":\"https:\/\/lmcorriger.fr\/#\/schema\/logo\/image\/\",\"url\":\"http:\/\/lmcorriger.fr\/wp-content\/uploads\/2018\/10\/logolettresnoires_carre-e1539956662665-1.jpg\",\"contentUrl\":\"http:\/\/lmcorriger.fr\/wp-content\/uploads\/2018\/10\/logolettresnoires_carre-e1539956662665-1.jpg\",\"width\":100,\"height\":100,\"caption\":\"LM Corriger\"},\"image\":{\"@id\":\"https:\/\/lmcorriger.fr\/#\/schema\/logo\/image\/\"},\"sameAs\":[\"https:\/\/www.linkedin.com\/in\/lucie-patient-ab34b497\/\"]}]}<\/script>\n<!-- \/ Yoast SEO plugin. -->","yoast_head_json":{"title":"R\u00e9f\u00e9rences - Bienvenue chez LM Corriger","description":"Votre relectrice correctrice relit et corrige tous types de documents. Du m\u00e9moire \u00e9tudiant \u00e0 l'ouvrage technique, en passant par des comptes-rendus...","robots":{"index":"index","follow":"follow","max-snippet":"max-snippet:-1","max-image-preview":"max-image-preview:large","max-video-preview":"max-video-preview:-1"},"canonical":"https:\/\/lmcorriger.fr\/index.php\/references\/","og_locale":"fr_FR","og_type":"article","og_title":"R\u00e9f\u00e9rences - Bienvenue chez LM Corriger","og_description":"Votre relectrice correctrice relit et corrige tous types de documents. Du m\u00e9moire \u00e9tudiant \u00e0 l'ouvrage technique, en passant par des comptes-rendus...","og_url":"https:\/\/lmcorriger.fr\/index.php\/references\/","og_site_name":"Bienvenue chez LM Corriger","article_modified_time":"2026-01-05T06:43:31+00:00","og_image":[{"url":"http:\/\/lmcorriger.fr\/wp-content\/uploads\/2025\/03\/References-LMC-scaled.jpg","type":"","width":"","height":""}],"twitter_card":"summary_large_image","twitter_misc":{"Dur\u00e9e de lecture estim\u00e9e":"3 minutes"},"schema":{"@context":"https:\/\/schema.org","@graph":[{"@type":"WebPage","@id":"https:\/\/lmcorriger.fr\/index.php\/references\/","url":"https:\/\/lmcorriger.fr\/index.php\/references\/","name":"R\u00e9f\u00e9rences - Bienvenue chez LM Corriger","isPartOf":{"@id":"https:\/\/lmcorriger.fr\/#website"},"primaryImageOfPage":{"@id":"https:\/\/lmcorriger.fr\/index.php\/references\/#primaryimage"},"image":{"@id":"https:\/\/lmcorriger.fr\/index.php\/references\/#primaryimage"},"thumbnailUrl":"http:\/\/lmcorriger.fr\/wp-content\/uploads\/2025\/03\/References-LMC-scaled.jpg","datePublished":"2018-10-26T09:12:44+00:00","dateModified":"2026-01-05T06:43:31+00:00","description":"Votre relectrice correctrice relit et corrige tous types de documents. Du m\u00e9moire \u00e9tudiant \u00e0 l'ouvrage technique, en passant par des comptes-rendus...","breadcrumb":{"@id":"https:\/\/lmcorriger.fr\/index.php\/references\/#breadcrumb"},"inLanguage":"fr-FR","potentialAction":[{"@type":"ReadAction","target":["https:\/\/lmcorriger.fr\/index.php\/references\/"]}]},{"@type":"ImageObject","inLanguage":"fr-FR","@id":"https:\/\/lmcorriger.fr\/index.php\/references\/#primaryimage","url":"http:\/\/lmcorriger.fr\/wp-content\/uploads\/2025\/03\/References-LMC-scaled.jpg","contentUrl":"http:\/\/lmcorriger.fr\/wp-content\/uploads\/2025\/03\/References-LMC-scaled.jpg"},{"@type":"BreadcrumbList","@id":"https:\/\/lmcorriger.fr\/index.php\/references\/#breadcrumb","itemListElement":[{"@type":"ListItem","position":1,"name":"Accueil","item":"http:\/\/lmcorriger.fr\/"},{"@type":"ListItem","position":2,"name":"R\u00e9f\u00e9rences"}]},{"@type":"WebSite","@id":"https:\/\/lmcorriger.fr\/#website","url":"https:\/\/lmcorriger.fr\/","name":"Bienvenue chez LM Corriger","description":"La relecture au quotidien !","publisher":{"@id":"https:\/\/lmcorriger.fr\/#organization"},"potentialAction":[{"@type":"SearchAction","target":{"@type":"EntryPoint","urlTemplate":"https:\/\/lmcorriger.fr\/?s={search_term_string}"},"query-input":{"@type":"PropertyValueSpecification","valueRequired":true,"valueName":"search_term_string"}}],"inLanguage":"fr-FR"},{"@type":"Organization","@id":"https:\/\/lmcorriger.fr\/#organization","name":"LM Corriger","url":"https:\/\/lmcorriger.fr\/","logo":{"@type":"ImageObject","inLanguage":"fr-FR","@id":"https:\/\/lmcorriger.fr\/#\/schema\/logo\/image\/","url":"http:\/\/lmcorriger.fr\/wp-content\/uploads\/2018\/10\/logolettresnoires_carre-e1539956662665-1.jpg","contentUrl":"http:\/\/lmcorriger.fr\/wp-content\/uploads\/2018\/10\/logolettresnoires_carre-e1539956662665-1.jpg","width":100,"height":100,"caption":"LM Corriger"},"image":{"@id":"https:\/\/lmcorriger.fr\/#\/schema\/logo\/image\/"},"sameAs":["https:\/\/www.linkedin.com\/in\/lucie-patient-ab34b497\/"]}]}},"_links":{"self":[{"href":"https:\/\/lmcorriger.fr\/index.php\/wp-json\/wp\/v2\/pages\/71","targetHints":{"allow":["GET"]}}],"collection":[{"href":"https:\/\/lmcorriger.fr\/index.php\/wp-json\/wp\/v2\/pages"}],"about":[{"href":"https:\/\/lmcorriger.fr\/index.php\/wp-json\/wp\/v2\/types\/page"}],"author":[{"embeddable":true,"href":"https:\/\/lmcorriger.fr\/index.php\/wp-json\/wp\/v2\/users\/1"}],"replies":[{"embeddable":true,"href":"https:\/\/lmcorriger.fr\/index.php\/wp-json\/wp\/v2\/comments?post=71"}],"version-history":[{"count":46,"href":"https:\/\/lmcorriger.fr\/index.php\/wp-json\/wp\/v2\/pages\/71\/revisions"}],"predecessor-version":[{"id":544,"href":"https:\/\/lmcorriger.fr\/index.php\/wp-json\/wp\/v2\/pages\/71\/revisions\/544"}],"wp:attachment":[{"href":"https:\/\/lmcorriger.fr\/index.php\/wp-json\/wp\/v2\/media?parent=71"}],"curies":[{"name":"wp","href":"https:\/\/api.w.org\/{rel}","templated":true}]}}