{"id":92,"date":"2018-11-06T06:10:08","date_gmt":"2018-11-06T05:10:08","guid":{"rendered":"http:\/\/lmc.jem-dev.com\/?page_id=92"},"modified":"2024-01-04T17:15:57","modified_gmt":"2024-01-04T16:15:57","slug":"qui-suis-je","status":"publish","type":"page","link":"https:\/\/lmcorriger.fr\/index.php\/qui-suis-je\/","title":{"rendered":"Qui suis-je ?"},"content":{"rendered":"<h4 style=\"text-align: center;\"><img loading=\"lazy\" decoding=\"async\" class=\"alignleft size-large wp-image-174\" src=\"http:\/\/lmcorriger.fr\/wp-content\/uploads\/2018\/11\/Corriger-2-1-261x1024.jpg\" alt=\"\" width=\"261\" height=\"1024\" srcset=\"https:\/\/lmcorriger.fr\/wp-content\/uploads\/2018\/11\/Corriger-2-1-261x1024.jpg 261w, https:\/\/lmcorriger.fr\/wp-content\/uploads\/2018\/11\/Corriger-2-1.jpg 487w\" sizes=\"auto, (max-width: 261px) 85vw, 261px\" \/><strong>LA RELECTURE ET LA CORRECTION, UNE PASSION !<\/strong><\/h4>\n<p style=\"text-align: center;\"><span style=\"color: #800000;\"><strong>LM Corriger<\/strong>,<\/span> c&rsquo;est avant tout une <strong>relectrice correctrice professionnelle et passionn\u00e9e<\/strong> qui porte le plus grand int\u00e9r\u00eat \u00e0 la <strong>langue fran\u00e7aise<\/strong>, ses <strong>phrases<\/strong>, ses <strong>mots<\/strong>, leur <strong>sens<\/strong> et leur <b>parfaite r\u00e9daction<\/b>.<\/p>\n<p style=\"text-align: center;\">En un mot <em>(&#8230;ou trois !)<\/em><\/p>\n<p style=\"text-align: center;\"><strong><span style=\"color: #800000;\">elle aime corriger<\/span><\/strong> !<\/p>\n<p>Une enfance et une adolescence pass\u00e9es au milieu des livres, au c\u0153ur de la campagne p\u00e9rigourdine, ont tout naturellement d\u00e9velopp\u00e9 chez moi un <strong>amour de la litt\u00e9rature<\/strong> et <strong>de l&rsquo;importance de l&rsquo;utilisation des mots, de leur justesse<\/strong>.<\/p>\n<p>Rien d&rsquo;\u00e9tonnant donc que je me sois orient\u00e9e vers des \u00e9tudes de lettres ! Apr\u00e8s une <strong>licence de Lettres modernes<\/strong>, mention documentation, j&rsquo;ai obtenu une <strong>ma\u00eetrise de Documentation et d&rsquo;information<\/strong> \u00e0 Bordeaux.<\/p>\n<p>J&rsquo;ai ensuite exerc\u00e9 le m\u00e9tier de documentaliste au sein d&rsquo;une association durant six ans, au cours desquels <em>&#8211; les demandes internes de <strong>relecture<\/strong> et de <strong>correction<\/strong> augmentant au fil des ann\u00e9es ! &#8211;<\/em> j&rsquo;ai suivi une formation au<strong> Centre d&rsquo;\u00e9criture et de communication <\/strong>(CEC) \u00e0 Paris. J&rsquo;ai ainsi pu \u00e9tudier de mani\u00e8re plus pouss\u00e9e l&rsquo;<b>orthotypographie<\/b>, la <strong>syntaxe<\/strong>, la <strong>r\u00e9\u00e9criture <\/strong>et apprendre \u00e0 ma\u00eetriser davantage bien des difficult\u00e9s de notre belle <strong>langue fran\u00e7aise<\/strong>\u2026<\/p>\n<p>Je suis d\u00e9sormais <strong>relectrice correctrice ind\u00e9pendante<\/strong> et j&rsquo;exerce mon activit\u00e9 chez moi, dans un univers des plus sereins.<\/p>\n<p>Appr\u00e9hender un texte o\u00f9 les fautes d&rsquo;<strong>orthographe<\/strong>, de <strong>grammaire<\/strong>, de <strong>syntaxe<\/strong> ou m\u00eame de <strong>ponctuation<\/strong> sont omnipr\u00e9sentes peut \u00eatre r\u00e9dhibitoire pour les lecteurs sensibles et attentifs \u00e0 la qualit\u00e9 d&rsquo;un \u00e9crit.<\/p>\n<p>J&rsquo;aime ce travail qui consiste \u00e0 accompagner celui qui fait l&rsquo;effort de l&rsquo;\u00e9criture \u00e0 pr\u00e9senter un texte dont l&rsquo;orthographe est impeccable, la grammaire respect\u00e9e et la ponctuation appropri\u00e9e. J&rsquo;aime \u00e9galement cette recherche du <strong>mot juste<\/strong> et de la <strong>phrase bien tourn\u00e9e<\/strong> qui vont <strong>inciter le lecteur \u00e0 poursuivre sa lecture !<\/strong> J&rsquo;aime la <strong>vari\u00e9t\u00e9 de cette profession<\/strong>, o\u00f9 le travail au quotidien est sans cesse renouvel\u00e9 par la diversit\u00e9 des textes, des auteurs et des th\u00e8mes abord\u00e9s.<\/p>\n<p>Correctement v\u00f4tre,<\/p>\n<p><strong>Lucie Patient<\/strong><\/p>\n<p>Pour de plus amples renseignements, contactez-moi via le <a href=\"http:\/\/lmcorriger.fr\/index.php\/contact\/\">formulaire de contact<\/a>.<\/p>\n<p><a title=\"Ma page LinkedIn\" href=\"https:\/\/www.linkedin.com\/in\/lucie-patient-ab34b497\/\"><img loading=\"lazy\" decoding=\"async\" class=\"alignnone size-full wp-image-239\" src=\"http:\/\/lmcorriger.fr\/wp-content\/uploads\/2018\/11\/LinkeIn.png\" alt=\"\" width=\"34\" height=\"34\" \/><\/a><\/p>\n<p>&nbsp;<\/p>\n","protected":false},"excerpt":{"rendered":"<p>LA RELECTURE ET LA CORRECTION, UNE PASSION ! LM Corriger, c&rsquo;est avant tout une relectrice correctrice professionnelle et passionn\u00e9e qui porte le plus grand int\u00e9r\u00eat \u00e0 la langue fran\u00e7aise, ses phrases, ses mots, leur sens et leur parfaite r\u00e9daction. En un mot (&#8230;ou trois !) elle aime corriger ! Une enfance et une adolescence pass\u00e9es &hellip; <a href=\"https:\/\/lmcorriger.fr\/index.php\/qui-suis-je\/\" class=\"more-link\">Continuer la lecture<span class=\"screen-reader-text\"> de &laquo;&nbsp;Qui suis-je ?&nbsp;&raquo;<\/span><\/a><\/p>\n","protected":false},"author":1,"featured_media":0,"parent":0,"menu_order":0,"comment_status":"closed","ping_status":"closed","template":"","meta":{"footnotes":""},"class_list":["post-92","page","type-page","status-publish","hentry"],"yoast_head":"<!-- This site is optimized with the Yoast SEO plugin v24.9 - https:\/\/yoast.com\/wordpress\/plugins\/seo\/ -->\n<title>Qui suis-je ? - Bienvenue chez LM Corriger<\/title>\n<meta name=\"description\" content=\"LM Corriger : une relectrice correctrice professionnelle et passionn\u00e9e \u00e0 votre service qui relit, corrige et annote vos textes dans les r\u00e8gles de l&#039;art.\" \/>\n<meta name=\"robots\" content=\"index, follow, max-snippet:-1, max-image-preview:large, max-video-preview:-1\" \/>\n<link rel=\"canonical\" href=\"http:\/\/lmcorriger.fr\/index.php\/qui-suis-je\/\" \/>\n<meta property=\"og:locale\" content=\"fr_FR\" \/>\n<meta property=\"og:type\" content=\"article\" \/>\n<meta property=\"og:title\" content=\"Qui suis-je ? - Bienvenue chez LM Corriger\" \/>\n<meta property=\"og:description\" content=\"LM Corriger : une relectrice correctrice professionnelle et passionn\u00e9e \u00e0 votre service qui relit, corrige et annote vos textes dans les r\u00e8gles de l&#039;art.\" \/>\n<meta property=\"og:url\" content=\"http:\/\/lmcorriger.fr\/index.php\/qui-suis-je\/\" \/>\n<meta property=\"og:site_name\" content=\"Bienvenue chez LM Corriger\" \/>\n<meta property=\"article:modified_time\" content=\"2024-01-04T16:15:57+00:00\" \/>\n<meta property=\"og:image\" content=\"http:\/\/lmcorriger.fr\/wp-content\/uploads\/2018\/11\/Corriger-2-1-261x1024.jpg\" \/>\n<meta name=\"twitter:card\" content=\"summary_large_image\" \/>\n<meta name=\"twitter:label1\" content=\"Dur\u00e9e de lecture estim\u00e9e\" \/>\n\t<meta name=\"twitter:data1\" content=\"2 minutes\" \/>\n<script type=\"application\/ld+json\" class=\"yoast-schema-graph\">{\"@context\":\"https:\/\/schema.org\",\"@graph\":[{\"@type\":\"WebPage\",\"@id\":\"http:\/\/lmcorriger.fr\/index.php\/qui-suis-je\/\",\"url\":\"http:\/\/lmcorriger.fr\/index.php\/qui-suis-je\/\",\"name\":\"Qui suis-je ? - Bienvenue chez LM Corriger\",\"isPartOf\":{\"@id\":\"https:\/\/lmcorriger.fr\/#website\"},\"primaryImageOfPage\":{\"@id\":\"http:\/\/lmcorriger.fr\/index.php\/qui-suis-je\/#primaryimage\"},\"image\":{\"@id\":\"http:\/\/lmcorriger.fr\/index.php\/qui-suis-je\/#primaryimage\"},\"thumbnailUrl\":\"http:\/\/lmcorriger.fr\/wp-content\/uploads\/2018\/11\/Corriger-2-1-261x1024.jpg\",\"datePublished\":\"2018-11-06T05:10:08+00:00\",\"dateModified\":\"2024-01-04T16:15:57+00:00\",\"description\":\"LM Corriger : une relectrice correctrice professionnelle et passionn\u00e9e \u00e0 votre service qui relit, corrige et annote vos textes dans les r\u00e8gles de l'art.\",\"breadcrumb\":{\"@id\":\"http:\/\/lmcorriger.fr\/index.php\/qui-suis-je\/#breadcrumb\"},\"inLanguage\":\"fr-FR\",\"potentialAction\":[{\"@type\":\"ReadAction\",\"target\":[\"http:\/\/lmcorriger.fr\/index.php\/qui-suis-je\/\"]}]},{\"@type\":\"ImageObject\",\"inLanguage\":\"fr-FR\",\"@id\":\"http:\/\/lmcorriger.fr\/index.php\/qui-suis-je\/#primaryimage\",\"url\":\"http:\/\/lmcorriger.fr\/wp-content\/uploads\/2018\/11\/Corriger-2-1-261x1024.jpg\",\"contentUrl\":\"http:\/\/lmcorriger.fr\/wp-content\/uploads\/2018\/11\/Corriger-2-1-261x1024.jpg\"},{\"@type\":\"BreadcrumbList\",\"@id\":\"http:\/\/lmcorriger.fr\/index.php\/qui-suis-je\/#breadcrumb\",\"itemListElement\":[{\"@type\":\"ListItem\",\"position\":1,\"name\":\"Accueil\",\"item\":\"https:\/\/lmcorriger.fr\/\"},{\"@type\":\"ListItem\",\"position\":2,\"name\":\"Qui suis-je ?\"}]},{\"@type\":\"WebSite\",\"@id\":\"https:\/\/lmcorriger.fr\/#website\",\"url\":\"https:\/\/lmcorriger.fr\/\",\"name\":\"Bienvenue chez LM Corriger\",\"description\":\"La relecture au quotidien !\",\"publisher\":{\"@id\":\"https:\/\/lmcorriger.fr\/#organization\"},\"potentialAction\":[{\"@type\":\"SearchAction\",\"target\":{\"@type\":\"EntryPoint\",\"urlTemplate\":\"https:\/\/lmcorriger.fr\/?s={search_term_string}\"},\"query-input\":{\"@type\":\"PropertyValueSpecification\",\"valueRequired\":true,\"valueName\":\"search_term_string\"}}],\"inLanguage\":\"fr-FR\"},{\"@type\":\"Organization\",\"@id\":\"https:\/\/lmcorriger.fr\/#organization\",\"name\":\"LM Corriger\",\"url\":\"https:\/\/lmcorriger.fr\/\",\"logo\":{\"@type\":\"ImageObject\",\"inLanguage\":\"fr-FR\",\"@id\":\"https:\/\/lmcorriger.fr\/#\/schema\/logo\/image\/\",\"url\":\"http:\/\/lmcorriger.fr\/wp-content\/uploads\/2018\/10\/logolettresnoires_carre-e1539956662665-1.jpg\",\"contentUrl\":\"http:\/\/lmcorriger.fr\/wp-content\/uploads\/2018\/10\/logolettresnoires_carre-e1539956662665-1.jpg\",\"width\":100,\"height\":100,\"caption\":\"LM Corriger\"},\"image\":{\"@id\":\"https:\/\/lmcorriger.fr\/#\/schema\/logo\/image\/\"},\"sameAs\":[\"https:\/\/www.linkedin.com\/in\/lucie-patient-ab34b497\/\"]}]}<\/script>\n<!-- \/ Yoast SEO plugin. -->","yoast_head_json":{"title":"Qui suis-je ? - Bienvenue chez LM Corriger","description":"LM Corriger : une relectrice correctrice professionnelle et passionn\u00e9e \u00e0 votre service qui relit, corrige et annote vos textes dans les r\u00e8gles de l'art.","robots":{"index":"index","follow":"follow","max-snippet":"max-snippet:-1","max-image-preview":"max-image-preview:large","max-video-preview":"max-video-preview:-1"},"canonical":"http:\/\/lmcorriger.fr\/index.php\/qui-suis-je\/","og_locale":"fr_FR","og_type":"article","og_title":"Qui suis-je ? - Bienvenue chez LM Corriger","og_description":"LM Corriger : une relectrice correctrice professionnelle et passionn\u00e9e \u00e0 votre service qui relit, corrige et annote vos textes dans les r\u00e8gles de l'art.","og_url":"http:\/\/lmcorriger.fr\/index.php\/qui-suis-je\/","og_site_name":"Bienvenue chez LM Corriger","article_modified_time":"2024-01-04T16:15:57+00:00","og_image":[{"url":"http:\/\/lmcorriger.fr\/wp-content\/uploads\/2018\/11\/Corriger-2-1-261x1024.jpg","type":"","width":"","height":""}],"twitter_card":"summary_large_image","twitter_misc":{"Dur\u00e9e de lecture estim\u00e9e":"2 minutes"},"schema":{"@context":"https:\/\/schema.org","@graph":[{"@type":"WebPage","@id":"http:\/\/lmcorriger.fr\/index.php\/qui-suis-je\/","url":"http:\/\/lmcorriger.fr\/index.php\/qui-suis-je\/","name":"Qui suis-je ? - Bienvenue chez LM Corriger","isPartOf":{"@id":"https:\/\/lmcorriger.fr\/#website"},"primaryImageOfPage":{"@id":"http:\/\/lmcorriger.fr\/index.php\/qui-suis-je\/#primaryimage"},"image":{"@id":"http:\/\/lmcorriger.fr\/index.php\/qui-suis-je\/#primaryimage"},"thumbnailUrl":"http:\/\/lmcorriger.fr\/wp-content\/uploads\/2018\/11\/Corriger-2-1-261x1024.jpg","datePublished":"2018-11-06T05:10:08+00:00","dateModified":"2024-01-04T16:15:57+00:00","description":"LM Corriger : une relectrice correctrice professionnelle et passionn\u00e9e \u00e0 votre service qui relit, corrige et annote vos textes dans les r\u00e8gles de l'art.","breadcrumb":{"@id":"http:\/\/lmcorriger.fr\/index.php\/qui-suis-je\/#breadcrumb"},"inLanguage":"fr-FR","potentialAction":[{"@type":"ReadAction","target":["http:\/\/lmcorriger.fr\/index.php\/qui-suis-je\/"]}]},{"@type":"ImageObject","inLanguage":"fr-FR","@id":"http:\/\/lmcorriger.fr\/index.php\/qui-suis-je\/#primaryimage","url":"http:\/\/lmcorriger.fr\/wp-content\/uploads\/2018\/11\/Corriger-2-1-261x1024.jpg","contentUrl":"http:\/\/lmcorriger.fr\/wp-content\/uploads\/2018\/11\/Corriger-2-1-261x1024.jpg"},{"@type":"BreadcrumbList","@id":"http:\/\/lmcorriger.fr\/index.php\/qui-suis-je\/#breadcrumb","itemListElement":[{"@type":"ListItem","position":1,"name":"Accueil","item":"https:\/\/lmcorriger.fr\/"},{"@type":"ListItem","position":2,"name":"Qui suis-je ?"}]},{"@type":"WebSite","@id":"https:\/\/lmcorriger.fr\/#website","url":"https:\/\/lmcorriger.fr\/","name":"Bienvenue chez LM Corriger","description":"La relecture au quotidien !","publisher":{"@id":"https:\/\/lmcorriger.fr\/#organization"},"potentialAction":[{"@type":"SearchAction","target":{"@type":"EntryPoint","urlTemplate":"https:\/\/lmcorriger.fr\/?s={search_term_string}"},"query-input":{"@type":"PropertyValueSpecification","valueRequired":true,"valueName":"search_term_string"}}],"inLanguage":"fr-FR"},{"@type":"Organization","@id":"https:\/\/lmcorriger.fr\/#organization","name":"LM Corriger","url":"https:\/\/lmcorriger.fr\/","logo":{"@type":"ImageObject","inLanguage":"fr-FR","@id":"https:\/\/lmcorriger.fr\/#\/schema\/logo\/image\/","url":"http:\/\/lmcorriger.fr\/wp-content\/uploads\/2018\/10\/logolettresnoires_carre-e1539956662665-1.jpg","contentUrl":"http:\/\/lmcorriger.fr\/wp-content\/uploads\/2018\/10\/logolettresnoires_carre-e1539956662665-1.jpg","width":100,"height":100,"caption":"LM Corriger"},"image":{"@id":"https:\/\/lmcorriger.fr\/#\/schema\/logo\/image\/"},"sameAs":["https:\/\/www.linkedin.com\/in\/lucie-patient-ab34b497\/"]}]}},"_links":{"self":[{"href":"https:\/\/lmcorriger.fr\/index.php\/wp-json\/wp\/v2\/pages\/92","targetHints":{"allow":["GET"]}}],"collection":[{"href":"https:\/\/lmcorriger.fr\/index.php\/wp-json\/wp\/v2\/pages"}],"about":[{"href":"https:\/\/lmcorriger.fr\/index.php\/wp-json\/wp\/v2\/types\/page"}],"author":[{"embeddable":true,"href":"https:\/\/lmcorriger.fr\/index.php\/wp-json\/wp\/v2\/users\/1"}],"replies":[{"embeddable":true,"href":"https:\/\/lmcorriger.fr\/index.php\/wp-json\/wp\/v2\/comments?post=92"}],"version-history":[{"count":11,"href":"https:\/\/lmcorriger.fr\/index.php\/wp-json\/wp\/v2\/pages\/92\/revisions"}],"predecessor-version":[{"id":499,"href":"https:\/\/lmcorriger.fr\/index.php\/wp-json\/wp\/v2\/pages\/92\/revisions\/499"}],"wp:attachment":[{"href":"https:\/\/lmcorriger.fr\/index.php\/wp-json\/wp\/v2\/media?parent=92"}],"curies":[{"name":"wp","href":"https:\/\/api.w.org\/{rel}","templated":true}]}}